{"id":550676,"date":"2025-11-17T12:32:39","date_gmt":"2025-11-17T12:32:39","guid":{"rendered":"https:\/\/nexefundacio.org\/?post_type=product&#038;p=550676"},"modified":"2025-11-17T13:19:47","modified_gmt":"2025-11-17T13:19:47","slug":"calendario-solidario-nexe","status":"publish","type":"product","link":"https:\/\/nexefundacio.org\/es\/botiga\/calendario-solidario-nexe\/","title":{"rendered":"Calendario Solidario 2026"},"content":{"rendered":"<p data-start=\"0\" data-end=\"44\"><strong>Calendario Solidario 2026 de Nexe Fundaci\u00f3<\/strong><\/p>\n<p data-start=\"46\" data-end=\"176\">Un a\u00f1o m\u00e1s, ten\u00e9is a vuestra disposici\u00f3n uno de los proyectos m\u00e1s especiales para mostrar el alma y el coraz\u00f3n de Nexe Fundaci\u00f3.<\/p>\n<p data-start=\"178\" data-end=\"268\">Hay miradas que lo dicen todo. Miradas que expresan esfuerzo, ternura, silencios y vida.<\/p>\n<p data-start=\"270\" data-end=\"480\">Detr\u00e1s de cada imagen del calendario hay familias que aman sin l\u00edmites, profesionales que acompa\u00f1amos con coraz\u00f3n y conocimiento, y una comunidad que cree en la dignidad y las capacidades de cada ni\u00f1o y ni\u00f1a.<\/p>\n<p data-start=\"482\" data-end=\"787\">En Nexe trabajamos cada d\u00eda para que los ni\u00f1os y ni\u00f1as con pluridiscapacidad puedan vivir plenamente su infancia, con todo el apoyo, la atenci\u00f3n y el amor que necesitan. Ellos nos ense\u00f1an a mirar m\u00e1s profundamente, a celebrar cada peque\u00f1o paso y a entender que compartir la vida nos da fuerza y sentido.<\/p>\n<p data-start=\"789\" data-end=\"1023\">Este calendario es un homenaje a ellos y a todos y todas vosotros, que con vuestro apoyo hac\u00e9is posibles proyectos, servicios y espacios de atenci\u00f3n especializada y apoyo emocional que mejoran la vida de los ni\u00f1os y de sus familias.<\/p>\n<p data-start=\"1025\" data-end=\"1109\">Adquiere nuestro calendario solidario y apoya a la infancia con pluridiscapacidad.<\/p>\n<p data-start=\"1111\" data-end=\"1145\"><strong>\u00a1HAZ QUE CADA D\u00cdA TENGA SENTIDO!<\/strong><\/p>\n<p data-start=\"1147\" data-end=\"1256\" data-is-last-node=\"\" data-is-only-node=\"\"><strong><span style=\"color: #0000ff;\"><em data-start=\"1147\" data-end=\"1256\" data-is-last-node=\"\">(Los pedidos recibidos entre el 20 de diciembre y el 7 de enero ser\u00e1n gestionados a partir del 8 de enero).<\/em><\/span><\/strong><\/p>\n<p>&nbsp;<\/p>\n","protected":false},"excerpt":{"rendered":"<p>Calendario Solidario 2026 de Nexe Fundaci\u00f3 Un a\u00f1o m\u00e1s, ten\u00e9is a vuestra disposici\u00f3n uno de los proyectos m\u00e1s especiales para mostrar el alma y el coraz\u00f3n de Nexe Fundaci\u00f3. Hay miradas que lo dicen todo. Miradas que expresan esfuerzo, ternura, silencios y vida. Detr\u00e1s de cada imagen del calendario hay familias que aman sin l\u00edmites, [&hellip;]<\/p>\n","protected":false},"featured_media":553116,"template":"","meta":[],"product_brand":[],"product_cat":[112],"product_tag":[],"class_list":{"0":"post-550676","1":"product","2":"type-product","3":"status-publish","4":"has-post-thumbnail","6":"product_cat-calendario","7":"product_shipping_class-envio-calendario","9":"first","10":"instock","11":"purchasable","12":"product-type-variable"},"yoast_head":"<!-- This site is optimized with the Yoast SEO plugin v26.1.1 - https:\/\/yoast.com\/wordpress\/plugins\/seo\/ -->\n<title>Calendario Solidario 2026 - Nexe Fundaci\u00f3<\/title>\n<meta name=\"description\" content=\"Calendario solidario &quot;Mou-te&quot;, una iniciativa de Isma Campos y Montse Filgueira, familia de Nexe.\" \/>\n<meta name=\"robots\" content=\"index, follow, max-snippet:-1, max-image-preview:large, max-video-preview:-1\" \/>\n<link rel=\"canonical\" href=\"https:\/\/nexefundacio.org\/es\/botiga\/calendario-solidario-nexe\/\" \/>\n<meta property=\"og:locale\" content=\"es_ES\" \/>\n<meta property=\"og:type\" content=\"article\" \/>\n<meta property=\"og:title\" content=\"Calendario Solidario 2026 - Nexe Fundaci\u00f3\" \/>\n<meta property=\"og:description\" content=\"Calendario solidario &quot;Mou-te&quot;, una iniciativa de Isma Campos y Montse Filgueira, familia de Nexe.\" \/>\n<meta property=\"og:url\" content=\"https:\/\/nexefundacio.org\/es\/botiga\/calendario-solidario-nexe\/\" \/>\n<meta property=\"og:site_name\" content=\"Nexe Fundaci\u00f3\" \/>\n<meta property=\"article:publisher\" content=\"https:\/\/www.facebook.com\/NexeFundacioPrivada\/\" \/>\n<meta property=\"article:modified_time\" content=\"2025-11-17T13:19:47+00:00\" \/>\n<meta property=\"og:image\" content=\"https:\/\/nexefundacio.org\/wp-content\/uploads\/2025\/11\/Portada-calendari-solidari-2026.jpg\" \/>\n\t<meta property=\"og:image:width\" content=\"567\" \/>\n\t<meta property=\"og:image:height\" content=\"403\" \/>\n\t<meta property=\"og:image:type\" content=\"image\/jpeg\" \/>\n<meta name=\"twitter:card\" content=\"summary_large_image\" \/>\n<meta name=\"twitter:site\" content=\"@nexefundacio\" \/>\n<meta name=\"twitter:label1\" content=\"Tiempo de lectura\" \/>\n\t<meta name=\"twitter:data1\" content=\"1 minuto\" \/>\n<script type=\"application\/ld+json\" class=\"yoast-schema-graph\">{\"@context\":\"https:\/\/schema.org\",\"@graph\":[{\"@type\":\"WebPage\",\"@id\":\"https:\/\/nexefundacio.org\/es\/botiga\/calendario-solidario-nexe\/\",\"url\":\"https:\/\/nexefundacio.org\/es\/botiga\/calendario-solidario-nexe\/\",\"name\":\"Calendario Solidario 2026 - Nexe Fundaci\u00f3\",\"isPartOf\":{\"@id\":\"https:\/\/nexefundacio.org\/#website\"},\"primaryImageOfPage\":{\"@id\":\"https:\/\/nexefundacio.org\/es\/botiga\/calendario-solidario-nexe\/#primaryimage\"},\"image\":{\"@id\":\"https:\/\/nexefundacio.org\/es\/botiga\/calendario-solidario-nexe\/#primaryimage\"},\"thumbnailUrl\":\"https:\/\/nexefundacio.org\/wp-content\/uploads\/2025\/11\/Portada-calendari-solidari-2026.jpg\",\"datePublished\":\"2025-11-17T12:32:39+00:00\",\"dateModified\":\"2025-11-17T13:19:47+00:00\",\"description\":\"Calendario solidario \\\"Mou-te\\\", una iniciativa de Isma Campos y Montse Filgueira, familia de Nexe.\",\"breadcrumb\":{\"@id\":\"https:\/\/nexefundacio.org\/es\/botiga\/calendario-solidario-nexe\/#breadcrumb\"},\"inLanguage\":\"es\",\"potentialAction\":[{\"@type\":\"ReadAction\",\"target\":[\"https:\/\/nexefundacio.org\/es\/botiga\/calendario-solidario-nexe\/\"]}]},{\"@type\":\"ImageObject\",\"inLanguage\":\"es\",\"@id\":\"https:\/\/nexefundacio.org\/es\/botiga\/calendario-solidario-nexe\/#primaryimage\",\"url\":\"https:\/\/nexefundacio.org\/wp-content\/uploads\/2025\/11\/Portada-calendari-solidari-2026.jpg\",\"contentUrl\":\"https:\/\/nexefundacio.org\/wp-content\/uploads\/2025\/11\/Portada-calendari-solidari-2026.jpg\",\"width\":567,\"height\":403},{\"@type\":\"BreadcrumbList\",\"@id\":\"https:\/\/nexefundacio.org\/es\/botiga\/calendario-solidario-nexe\/#breadcrumb\",\"itemListElement\":[{\"@type\":\"ListItem\",\"position\":1,\"name\":\"Inici\",\"item\":\"https:\/\/nexefundacio.org\/es\/\"},{\"@type\":\"ListItem\",\"position\":2,\"name\":\"Tienda\",\"item\":\"https:\/\/nexefundacio.org\/es\/tienda\/\"},{\"@type\":\"ListItem\",\"position\":3,\"name\":\"Calendario Solidario 2026\"}]},{\"@type\":\"WebSite\",\"@id\":\"https:\/\/nexefundacio.org\/#website\",\"url\":\"https:\/\/nexefundacio.org\/\",\"name\":\"Nexe Fundaci\u00f3\",\"description\":\"Acompa\u00f1amos la infancia con pluridiscapacidad\",\"publisher\":{\"@id\":\"https:\/\/nexefundacio.org\/#organization\"},\"potentialAction\":[{\"@type\":\"SearchAction\",\"target\":{\"@type\":\"EntryPoint\",\"urlTemplate\":\"https:\/\/nexefundacio.org\/?s={search_term_string}\"},\"query-input\":{\"@type\":\"PropertyValueSpecification\",\"valueRequired\":true,\"valueName\":\"search_term_string\"}}],\"inLanguage\":\"es\"},{\"@type\":\"Organization\",\"@id\":\"https:\/\/nexefundacio.org\/#organization\",\"name\":\"Nexe Fundaci\u00f3\",\"url\":\"https:\/\/nexefundacio.org\/\",\"logo\":{\"@type\":\"ImageObject\",\"inLanguage\":\"es\",\"@id\":\"https:\/\/nexefundacio.org\/#\/schema\/logo\/image\/\",\"url\":\"https:\/\/nexefundacio.org\/wp-content\/uploads\/2021\/05\/Nexe-Fundacio.png\",\"contentUrl\":\"https:\/\/nexefundacio.org\/wp-content\/uploads\/2021\/05\/Nexe-Fundacio.png\",\"width\":300,\"height\":126,\"caption\":\"Nexe Fundaci\u00f3\"},\"image\":{\"@id\":\"https:\/\/nexefundacio.org\/#\/schema\/logo\/image\/\"},\"sameAs\":[\"https:\/\/www.facebook.com\/NexeFundacioPrivada\/\",\"https:\/\/x.com\/nexefundacio\",\"https:\/\/www.instagram.com\/nexefundacio\/\",\"https:\/\/www.linkedin.com\/company\/nexe-fundacio\/\",\"https:\/\/www.youtube.com\/user\/MoutePelsQuiets\"]}]}<\/script>\n<!-- \/ Yoast SEO plugin. -->","yoast_head_json":{"title":"Calendario Solidario 2026 - Nexe Fundaci\u00f3","description":"Calendario solidario \"Mou-te\", una iniciativa de Isma Campos y Montse Filgueira, familia de Nexe.","robots":{"index":"index","follow":"follow","max-snippet":"max-snippet:-1","max-image-preview":"max-image-preview:large","max-video-preview":"max-video-preview:-1"},"canonical":"https:\/\/nexefundacio.org\/es\/botiga\/calendario-solidario-nexe\/","og_locale":"es_ES","og_type":"article","og_title":"Calendario Solidario 2026 - Nexe Fundaci\u00f3","og_description":"Calendario solidario \"Mou-te\", una iniciativa de Isma Campos y Montse Filgueira, familia de Nexe.","og_url":"https:\/\/nexefundacio.org\/es\/botiga\/calendario-solidario-nexe\/","og_site_name":"Nexe Fundaci\u00f3","article_publisher":"https:\/\/www.facebook.com\/NexeFundacioPrivada\/","article_modified_time":"2025-11-17T13:19:47+00:00","og_image":[{"width":567,"height":403,"url":"https:\/\/nexefundacio.org\/wp-content\/uploads\/2025\/11\/Portada-calendari-solidari-2026.jpg","type":"image\/jpeg"}],"twitter_card":"summary_large_image","twitter_site":"@nexefundacio","twitter_misc":{"Tiempo de lectura":"1 minuto"},"schema":{"@context":"https:\/\/schema.org","@graph":[{"@type":"WebPage","@id":"https:\/\/nexefundacio.org\/es\/botiga\/calendario-solidario-nexe\/","url":"https:\/\/nexefundacio.org\/es\/botiga\/calendario-solidario-nexe\/","name":"Calendario Solidario 2026 - Nexe Fundaci\u00f3","isPartOf":{"@id":"https:\/\/nexefundacio.org\/#website"},"primaryImageOfPage":{"@id":"https:\/\/nexefundacio.org\/es\/botiga\/calendario-solidario-nexe\/#primaryimage"},"image":{"@id":"https:\/\/nexefundacio.org\/es\/botiga\/calendario-solidario-nexe\/#primaryimage"},"thumbnailUrl":"https:\/\/nexefundacio.org\/wp-content\/uploads\/2025\/11\/Portada-calendari-solidari-2026.jpg","datePublished":"2025-11-17T12:32:39+00:00","dateModified":"2025-11-17T13:19:47+00:00","description":"Calendario solidario \"Mou-te\", una iniciativa de Isma Campos y Montse Filgueira, familia de Nexe.","breadcrumb":{"@id":"https:\/\/nexefundacio.org\/es\/botiga\/calendario-solidario-nexe\/#breadcrumb"},"inLanguage":"es","potentialAction":[{"@type":"ReadAction","target":["https:\/\/nexefundacio.org\/es\/botiga\/calendario-solidario-nexe\/"]}]},{"@type":"ImageObject","inLanguage":"es","@id":"https:\/\/nexefundacio.org\/es\/botiga\/calendario-solidario-nexe\/#primaryimage","url":"https:\/\/nexefundacio.org\/wp-content\/uploads\/2025\/11\/Portada-calendari-solidari-2026.jpg","contentUrl":"https:\/\/nexefundacio.org\/wp-content\/uploads\/2025\/11\/Portada-calendari-solidari-2026.jpg","width":567,"height":403},{"@type":"BreadcrumbList","@id":"https:\/\/nexefundacio.org\/es\/botiga\/calendario-solidario-nexe\/#breadcrumb","itemListElement":[{"@type":"ListItem","position":1,"name":"Inici","item":"https:\/\/nexefundacio.org\/es\/"},{"@type":"ListItem","position":2,"name":"Tienda","item":"https:\/\/nexefundacio.org\/es\/tienda\/"},{"@type":"ListItem","position":3,"name":"Calendario Solidario 2026"}]},{"@type":"WebSite","@id":"https:\/\/nexefundacio.org\/#website","url":"https:\/\/nexefundacio.org\/","name":"Nexe Fundaci\u00f3","description":"Acompa\u00f1amos la infancia con pluridiscapacidad","publisher":{"@id":"https:\/\/nexefundacio.org\/#organization"},"potentialAction":[{"@type":"SearchAction","target":{"@type":"EntryPoint","urlTemplate":"https:\/\/nexefundacio.org\/?s={search_term_string}"},"query-input":{"@type":"PropertyValueSpecification","valueRequired":true,"valueName":"search_term_string"}}],"inLanguage":"es"},{"@type":"Organization","@id":"https:\/\/nexefundacio.org\/#organization","name":"Nexe Fundaci\u00f3","url":"https:\/\/nexefundacio.org\/","logo":{"@type":"ImageObject","inLanguage":"es","@id":"https:\/\/nexefundacio.org\/#\/schema\/logo\/image\/","url":"https:\/\/nexefundacio.org\/wp-content\/uploads\/2021\/05\/Nexe-Fundacio.png","contentUrl":"https:\/\/nexefundacio.org\/wp-content\/uploads\/2021\/05\/Nexe-Fundacio.png","width":300,"height":126,"caption":"Nexe Fundaci\u00f3"},"image":{"@id":"https:\/\/nexefundacio.org\/#\/schema\/logo\/image\/"},"sameAs":["https:\/\/www.facebook.com\/NexeFundacioPrivada\/","https:\/\/x.com\/nexefundacio","https:\/\/www.instagram.com\/nexefundacio\/","https:\/\/www.linkedin.com\/company\/nexe-fundacio\/","https:\/\/www.youtube.com\/user\/MoutePelsQuiets"]}]}},"_links":{"self":[{"href":"https:\/\/nexefundacio.org\/es\/wp-json\/wp\/v2\/product\/550676","targetHints":{"allow":["GET"]}}],"collection":[{"href":"https:\/\/nexefundacio.org\/es\/wp-json\/wp\/v2\/product"}],"about":[{"href":"https:\/\/nexefundacio.org\/es\/wp-json\/wp\/v2\/types\/product"}],"wp:featuredmedia":[{"embeddable":true,"href":"https:\/\/nexefundacio.org\/es\/wp-json\/wp\/v2\/media\/553116"}],"wp:attachment":[{"href":"https:\/\/nexefundacio.org\/es\/wp-json\/wp\/v2\/media?parent=550676"}],"wp:term":[{"taxonomy":"product_brand","embeddable":true,"href":"https:\/\/nexefundacio.org\/es\/wp-json\/wp\/v2\/product_brand?post=550676"},{"taxonomy":"product_cat","embeddable":true,"href":"https:\/\/nexefundacio.org\/es\/wp-json\/wp\/v2\/product_cat?post=550676"},{"taxonomy":"product_tag","embeddable":true,"href":"https:\/\/nexefundacio.org\/es\/wp-json\/wp\/v2\/product_tag?post=550676"}],"curies":[{"name":"wp","href":"https:\/\/api.w.org\/{rel}","templated":true}]}}