{"id":547911,"date":"2021-10-13T09:47:29","date_gmt":"2021-10-13T09:47:29","guid":{"rendered":"http:\/\/nexefundacio.org.mialias.net\/aviso-legal\/"},"modified":"2022-10-25T11:36:25","modified_gmt":"2022-10-25T11:36:25","slug":"aviso-legal","status":"publish","type":"page","link":"https:\/\/nexefundacio.org\/es\/aviso-legal\/","title":{"rendered":"Aviso legal"},"content":{"rendered":"\t\t<div data-elementor-type=\"wp-page\" data-elementor-id=\"547911\" class=\"elementor elementor-547911 elementor-547884\" data-elementor-post-type=\"page\">\n\t\t\t\t\t\t<section class=\"elementor-section elementor-top-section elementor-element elementor-element-ec99dc5 elementor-section-boxed elementor-section-height-default elementor-section-height-default\" data-id=\"ec99dc5\" data-element_type=\"section\" data-e-type=\"section\">\n\t\t\t\t\t\t<div class=\"elementor-container elementor-column-gap-default\">\n\t\t\t\t\t<div class=\"elementor-column elementor-col-100 elementor-top-column elementor-element elementor-element-77d812f\" data-id=\"77d812f\" data-element_type=\"column\" data-e-type=\"column\">\n\t\t\t<div class=\"elementor-widget-wrap elementor-element-populated\">\n\t\t\t\t\t\t<div class=\"elementor-element elementor-element-d537ec9 elementor-widget elementor-widget-text-editor\" data-id=\"d537ec9\" data-element_type=\"widget\" data-e-type=\"widget\" data-widget_type=\"text-editor.default\">\n\t\t\t\t<div class=\"elementor-widget-container\">\n\t\t\t\t\t\t\t\t\t<h2>Av\u00cdS legal<\/h2>\n<p>En compliment de la Llei 34\/2002, del 11 de juliol, de Serveis de la Societat de la Informaci\u00f3 i de Comer\u00e7 Electr\u00f2nic (LSSI-CE), NEXE FUNDACI\u00d3 PRIVADA informa que \u00e9s titular del lloc web. D\u00b4acord amb la exig\u00e8ncia del article 10 de la citada Llei, NEXE FUNDACI\u00d3 PRIVADA informa de les seg\u00fcents dades:<\/p>\t\t\t\t\t\t\t\t<\/div>\n\t\t\t\t<\/div>\n\t\t\t\t\t<\/div>\n\t\t<\/div>\n\t\t\t\t\t<\/div>\n\t\t<\/section>\n\t\t\t\t<section class=\"elementor-section elementor-top-section elementor-element elementor-element-6276842 elementor-section-boxed elementor-section-height-default elementor-section-height-default\" data-id=\"6276842\" data-element_type=\"section\" data-e-type=\"section\">\n\t\t\t\t\t\t<div class=\"elementor-container elementor-column-gap-default\">\n\t\t\t\t\t<div class=\"elementor-column elementor-col-100 elementor-top-column elementor-element elementor-element-e3b2ae7\" data-id=\"e3b2ae7\" data-element_type=\"column\" data-e-type=\"column\">\n\t\t\t<div class=\"elementor-widget-wrap elementor-element-populated\">\n\t\t\t\t\t\t<div class=\"elementor-element elementor-element-23775dc elementor-widget elementor-widget-text-editor\" data-id=\"23775dc\" data-element_type=\"widget\" data-e-type=\"widget\" data-widget_type=\"text-editor.default\">\n\t\t\t\t<div class=\"elementor-widget-container\">\n\t\t\t\t\t\t\t\t\t<table>\n<caption>\u00a0<\/caption>\n<thead>\n<tr>\n<th>RA\u00d3 SOCIAL<\/th>\n<td>NEXE FUNDACI\u00d3 PRIVADA<\/td>\n<\/tr>\n<\/thead>\n<tbody>\n<tr>\n<th>NIF<\/th>\n<td>G59986299<\/td>\n<\/tr>\n<tr>\n<th>ADRE\u00c7A POSTAL<\/th>\n<td>C\/DEL ESCORIAL, 169<br \/>08024, BARCELONA<\/td>\n<\/tr>\n<tr>\n<th>ADRE\u00c7A ELECTR\u00d2NICA<\/th>\n<td>INFO@NEXEFUNDACIO.ORG<\/td>\n<\/tr>\n<tr>\n<th>SEGONS LA SEVA FINALITAT<\/th>\n<td><a>ADMINISTRACIO@NEXEFUNDACIO.ORG<\/a><\/td>\n<\/tr>\n<tr>\n<th>TELEFONS<\/th>\n<td>932846423<br \/>932853240<\/td>\n<\/tr>\n<tr>\n<th>REGISTRE DE FUNDACIONS<\/th>\n<td>N\u00daM. REGISTRE: 619<br \/>DATA: 23\/7\/1992<\/td>\n<\/tr>\n<tr>\n<th>OBJECTE PRINCIPAL<\/th>\n<td>Serveis per la pluridiscapacitat<\/td>\n<\/tr>\n<\/tbody>\n<\/table>\n\t\t\t\t\t\t\t\t<\/div>\n\t\t\t\t<\/div>\n\t\t\t\t\t<\/div>\n\t\t<\/div>\n\t\t\t\t\t<\/div>\n\t\t<\/section>\n\t\t\t\t<section class=\"elementor-section elementor-top-section elementor-element elementor-element-79916a9 elementor-section-boxed elementor-section-height-default elementor-section-height-default\" data-id=\"79916a9\" data-element_type=\"section\" data-e-type=\"section\">\n\t\t\t\t\t\t<div class=\"elementor-container elementor-column-gap-default\">\n\t\t\t\t\t<div class=\"elementor-column elementor-col-100 elementor-top-column elementor-element elementor-element-37f9193\" data-id=\"37f9193\" data-element_type=\"column\" data-e-type=\"column\">\n\t\t\t<div class=\"elementor-widget-wrap elementor-element-populated\">\n\t\t\t\t\t\t<div class=\"elementor-element elementor-element-630acc4 elementor-widget elementor-widget-text-editor\" data-id=\"630acc4\" data-element_type=\"widget\" data-e-type=\"widget\" data-widget_type=\"text-editor.default\">\n\t\t\t\t<div class=\"elementor-widget-container\">\n\t\t\t\t\t\t\t\t\t<h2>USUARI i R\u00c8GIM DE RESPONSABILITATS<\/h2>\n<p>La navegaci\u00f3, acc\u00e9s i \u00fas pel lloc web de NEXE FUNDACI\u00d3 PRIVADA confereix la condici\u00f3 d\u00b4usuari, pel qu\u00e9 s\u00b4accepten, desde la navegaci\u00f3n por el sitio web de NEXE FUNDACIO PRIVADA, todas las condiciones de uso aqu\u00ed establecidas sin perjuicio de la aplicaci\u00f3n de la correspondiente normativa de obligado cumplimiento legal seg\u00fan el caso.<\/p>\n<p>El lloc web de NEXE FUNDACI\u00d3 PRIVADA proporciona gran diversitat d\u00b4informaci\u00f3, serveis i dades.<\/p>\n<ul>\n<li>El usuari asumeix la seva responsabilitat en l\u00b4\u00fas correcte del lloc web. Aquesta responsabilitat s\u00b4estendr\u00e0 a:<\/li>\n<li>La veracidad y licitud de las informaciones aportadas por el usuario en los formularios extendidos por NEXE FUNDACIO PRIVADA para el acceso a ciertos contenidos o servicios ofrecidos por el web.<br>\uf0a7 El uso de la informaci\u00f3n, servicios y datos ofrecidos por NEXE FUNDACIO PRIVADA contrariamente a lo dispuesto por las presentes condiciones, la Ley, la moral, las buenas costumbres o el orden p\u00fablico, o que de cualquier otro modo puedan suponer lesi\u00f3n de los derechos de terceros o del mismo funcionamiento del sitio web.<\/li>\n<\/ul>\t\t\t\t\t\t\t\t<\/div>\n\t\t\t\t<\/div>\n\t\t\t\t<div class=\"elementor-element elementor-element-cf8b11d elementor-widget elementor-widget-text-editor\" data-id=\"cf8b11d\" data-element_type=\"widget\" data-e-type=\"widget\" data-widget_type=\"text-editor.default\">\n\t\t\t\t<div class=\"elementor-widget-container\">\n\t\t\t\t\t\t\t\t\t<h2>POL\u00cdTICA DE ENLACES Y EXENCIONES DE RESPONSABILIDAD<\/h2>\n<p>NEXE FUNDACIO PRIVADA no se hace responsable del contenido de los sitios web a los que el usuario pueda acceder a trav\u00e9s de los enlaces establecidos en su sitio web y declara que en ning\u00fan caso proceder\u00e1 a examinar o ejercitar ning\u00fan tipo de control sobre el contenido de otros sitios de la red. Asimismo, tampoco garantizar\u00e1 la disponibilidad t\u00e9cnica, exactitud, veracidad, validez o legalidad de sitios ajenos a su propiedad a los que se pueda acceder por medio de los enlaces.<br \/>NEXE FUNDACIO PRIVADA declara haber adoptado todas las medidas necesarias para evitar cualquier da\u00f1o a los usuarios de su sitio web, que pudieran derivarse de la navegaci\u00f3n por su sitio web. En consecuencia, NEXE FUNDACIO PRIVADA no se hace responsable, en ning\u00fan caso, de los eventuales da\u00f1os que por la navegaci\u00f3n por Internet pudiera sufrir el usuario.<\/p>\n\t\t\t\t\t\t\t\t<\/div>\n\t\t\t\t<\/div>\n\t\t\t\t<div class=\"elementor-element elementor-element-21d68fb elementor-widget elementor-widget-text-editor\" data-id=\"21d68fb\" data-element_type=\"widget\" data-e-type=\"widget\" data-widget_type=\"text-editor.default\">\n\t\t\t\t<div class=\"elementor-widget-container\">\n\t\t\t\t\t\t\t\t\t<h2>MODIFICACIONES<\/h2>\nNEXE FUNDACIO PRIVADA se reserva el derecho a realizar las modificaciones que considere oportunas, sin aviso previo, en el contenido de su sitio web. Tanto en lo referente a los contenidos del sitio web, como en las condiciones de uso del mismo, o en las condiciones generales de contrataci\u00f3n. Dichas modificaciones podr\u00e1n realizarse a trav\u00e9s de su sitio web por cualquier forma admisible en derecho y ser\u00e1n de obligado cumplimiento durante el tiempo en que se encuentren publicadas en el web y hasta que no sean modificadas v\u00e1lidamente por otras posteriores.\t\t\t\t\t\t\t\t<\/div>\n\t\t\t\t<\/div>\n\t\t\t\t<div class=\"elementor-element elementor-element-c679f0f elementor-widget elementor-widget-text-editor\" data-id=\"c679f0f\" data-element_type=\"widget\" data-e-type=\"widget\" data-widget_type=\"text-editor.default\">\n\t\t\t\t<div class=\"elementor-widget-container\">\n\t\t\t\t\t\t\t\t\t<h2>PROPIEDAD INTELECTUAL E INDUSTRIAL<\/h2>\n<p>NEXE FUNDACIO PRIVADA por s\u00ed misma o como cesionaria, es titular de todos los derechos de propiedad intelectual e industrial de su p\u00e1gina web, as\u00ed como de los elementos contenidos en la misma (a t\u00edtulo enunciativo, im\u00e1genes, sonido, audio, v\u00eddeo, software o textos; marcas o logotipos, combinaciones de colores, estructura y dise\u00f1o, selecci\u00f3n de materiales usados, programas de ordenador necesarios para su funcionamiento, acceso y uso, etc.), titularidad de NEXE FUNDACIO PRIVADA. Ser\u00e1n, por consiguiente, obras protegidas como propiedad intelectual por el ordenamiento jur\u00eddico espa\u00f1ol, si\u00e9ndoles aplicables tanto la normativa espa\u00f1ola y comunitaria en este campo, como los tratados internacionales relativos a la materia y suscritos por Espa\u00f1a.<\/p>\n<p>Todos los derechos reservados. En virtud de lo dispuesto en la Ley de Propiedad Intelectual, quedan expresamente prohibidas la reproducci\u00f3n, la distribuci\u00f3n y la comunicaci\u00f3n p\u00fablica, incluida su modalidad de puesta a disposici\u00f3n, de la totalidad o parte de los contenidos de esta p\u00e1gina web, con fines comerciales, en cualquier soporte y por cualquier medio t\u00e9cnico, sin la autorizaci\u00f3n de NEXE FUNDACIO PRIVADA.<\/p>\n<p>El usuario se compromete a respetar los derechos de Propiedad Intelectual e Industrial titularidad de NEXE FUNDACIO PRIVADA. Podr\u00e1 visualizar los elementos del portal e incluso imprimirlos, copiarlos y almacenarlos en el disco duro de su ordenador o en cualquier otro soporte f\u00edsico siempre y cuando sea, \u00fanica y exclusivamente, para su uso personal y privado. El usuario deber\u00e1 abstenerse de suprimir, alterar, eludir o manipular cualquier dispositivo de protecci\u00f3n o sistema de seguridad que estuviera instalado en las p\u00e1ginas de NEXE FUNDACIO PRIVADA.<\/p>\n\t\t\t\t\t\t\t\t<\/div>\n\t\t\t\t<\/div>\n\t\t\t\t<div class=\"elementor-element elementor-element-dc6b7d7 elementor-widget elementor-widget-text-editor\" data-id=\"dc6b7d7\" data-element_type=\"widget\" data-e-type=\"widget\" data-widget_type=\"text-editor.default\">\n\t\t\t\t<div class=\"elementor-widget-container\">\n\t\t\t\t\t\t\t\t\t<h2>CERTIFICADO SSL (SECURE SOCKETS LAYER)<\/h2>\n<p>El CERTIFICADO SSL proporciona autenticaci\u00f3n, privacidad y seguridad de la informaci\u00f3n entre NEXE FUNDACIO PRIVADA y el usuario.<\/p>\n<p>NEXE FUNDACIO PRIVADA dispone de un certificado de seguridad que se utiliza por CERTIFICADO SSL para realizar conexiones seguras.<\/p>\n<p>En este proceso se establecen varios par\u00e1metros para realizar la conexi\u00f3n de forma segura y se establece usando llaves preestablecidas, codificando y descodificando todos los datos enviados hasta que la conexi\u00f3n sea cerrada.<\/p>\n\t\t\t\t\t\t\t\t<\/div>\n\t\t\t\t<\/div>\n\t\t\t\t<div class=\"elementor-element elementor-element-6adedd1 elementor-widget elementor-widget-text-editor\" data-id=\"6adedd1\" data-element_type=\"widget\" data-e-type=\"widget\" data-widget_type=\"text-editor.default\">\n\t\t\t\t<div class=\"elementor-widget-container\">\n\t\t\t\t\t\t\t\t\t<h2>ACCIONES LEGALES, LEGISLACI\u00d3N APLICABLE Y JURISDICCI\u00d3N<\/h2>\n<p>NEXE FUNDACIO PRIVADA se reserva, asimismo, la facultad de presentar las acciones civiles o penales que considere oportunas por la utilizaci\u00f3n indebida de su sitio web y contenidos, o por el incumplimiento de las presentes condiciones.<\/p>\n<p>La relaci\u00f3n entre el usuario y el prestador se regir\u00e1 por la normativa vigente y de aplicaci\u00f3n en el territorio espa\u00f1ol. De surgir cualquier controversia las partes podr\u00e1n someter sus conflictos a arbitraje o acudir a la jurisdicci\u00f3n ordinaria cumpliendo con las normas sobre jurisdicci\u00f3n y competencia al respecto. NEXE FUNDACIO PRIVADA tiene su domicilio en BARCELONA, Espa\u00f1a.<\/p>\n<p>Los contratos celebrados por v\u00eda electr\u00f3nica en los que intervenga como parte un consumidor se presumir\u00e1n celebrados en el lugar en que \u00e9ste tenga su residencia habitual.<\/p>\n<p>Los contratos electr\u00f3nicos entre empresarios o profesionales, en defecto de pacto entre las partes, se presumir\u00e1n celebrados en el lugar en que est\u00e9 establecido el prestador de servicios.<br \/>Resoluci\u00f3n de litigios en l\u00ednea conforme al Art. 14.1 del Reglamento (UE) 524\/2013: La Comisi\u00f3n Europea facilita una plataforma de resoluci\u00f3n de litigios en l\u00ednea, la cual se encuentra disponible en el siguiente enlace: <a href=\"https:\/\/ec.europa.eu\/consumers\/odr\/\">https:\/\/ec.europa.eu\/consumers\/odr\/<\/a><\/p>\n<p style=\"text-align: right;\"><strong>\u00daLTIMA ACTUALIZACI\u00d3N: 1 de junio de 2021<\/strong><\/p>\n\t\t\t\t\t\t\t\t<\/div>\n\t\t\t\t<\/div>\n\t\t\t\t\t<\/div>\n\t\t<\/div>\n\t\t\t\t\t<\/div>\n\t\t<\/section>\n\t\t\t\t<\/div>\n\t\t","protected":false},"excerpt":{"rendered":"<p>Aviso legal En cumplimiento de la Ley 34\/2002, del 11 de julio, de Servicios de la Sociedad de la Informaci\u00f3n y de Comercio Electr\u00f3nico (LSSI-CE), NEXE FUNDACI\u00d3 PRIVADA informa que es titular del sitio web. De acuerdo con la exigencia del art\u00edculo 10 de la citada Ley, NEXE FUNDACI\u00d3 PRIVADA informa de los siguientes datos: [&hellip;]<\/p>\n","protected":false},"author":5,"featured_media":0,"parent":0,"menu_order":20,"comment_status":"closed","ping_status":"closed","template":"","meta":{"footnotes":""},"class_list":["post-547911","page","type-page","status-publish","hentry"],"yoast_head":"<!-- This site is optimized with the Yoast SEO plugin v26.1.1 - https:\/\/yoast.com\/wordpress\/plugins\/seo\/ -->\n<title>Aviso legal - Nexe Fundaci\u00f3<\/title>\n<meta name=\"robots\" content=\"index, follow, max-snippet:-1, max-image-preview:large, max-video-preview:-1\" \/>\n<link rel=\"canonical\" href=\"https:\/\/nexefundacio.org\/es\/aviso-legal\/\" \/>\n<meta property=\"og:locale\" content=\"es_ES\" \/>\n<meta property=\"og:type\" content=\"article\" \/>\n<meta property=\"og:title\" content=\"Aviso legal - Nexe Fundaci\u00f3\" \/>\n<meta property=\"og:description\" content=\"Aviso legal En cumplimiento de la Ley 34\/2002, del 11 de julio, de Servicios de la Sociedad de la Informaci\u00f3n y de Comercio Electr\u00f3nico (LSSI-CE), NEXE FUNDACI\u00d3 PRIVADA informa que es titular del sitio web. De acuerdo con la exigencia del art\u00edculo 10 de la citada Ley, NEXE FUNDACI\u00d3 PRIVADA informa de los siguientes datos: [&hellip;]\" \/>\n<meta property=\"og:url\" content=\"https:\/\/nexefundacio.org\/es\/aviso-legal\/\" \/>\n<meta property=\"og:site_name\" content=\"Nexe Fundaci\u00f3\" \/>\n<meta property=\"article:publisher\" content=\"https:\/\/www.facebook.com\/NexeFundacioPrivada\/\" \/>\n<meta property=\"article:modified_time\" content=\"2022-10-25T11:36:25+00:00\" \/>\n<meta name=\"twitter:card\" content=\"summary_large_image\" \/>\n<meta name=\"twitter:site\" content=\"@nexefundacio\" \/>\n<meta name=\"twitter:label1\" content=\"Tiempo de lectura\" \/>\n\t<meta name=\"twitter:data1\" content=\"6 minutos\" \/>\n<script type=\"application\/ld+json\" class=\"yoast-schema-graph\">{\"@context\":\"https:\/\/schema.org\",\"@graph\":[{\"@type\":\"WebPage\",\"@id\":\"https:\/\/nexefundacio.org\/es\/aviso-legal\/\",\"url\":\"https:\/\/nexefundacio.org\/es\/aviso-legal\/\",\"name\":\"Aviso legal - Nexe Fundaci\u00f3\",\"isPartOf\":{\"@id\":\"https:\/\/nexefundacio.org\/#website\"},\"datePublished\":\"2021-10-13T09:47:29+00:00\",\"dateModified\":\"2022-10-25T11:36:25+00:00\",\"breadcrumb\":{\"@id\":\"https:\/\/nexefundacio.org\/es\/aviso-legal\/#breadcrumb\"},\"inLanguage\":\"es\",\"potentialAction\":[{\"@type\":\"ReadAction\",\"target\":[\"https:\/\/nexefundacio.org\/es\/aviso-legal\/\"]}]},{\"@type\":\"BreadcrumbList\",\"@id\":\"https:\/\/nexefundacio.org\/es\/aviso-legal\/#breadcrumb\",\"itemListElement\":[{\"@type\":\"ListItem\",\"position\":1,\"name\":\"Inici\",\"item\":\"https:\/\/nexefundacio.org\/es\/\"},{\"@type\":\"ListItem\",\"position\":2,\"name\":\"Aviso legal\"}]},{\"@type\":\"WebSite\",\"@id\":\"https:\/\/nexefundacio.org\/#website\",\"url\":\"https:\/\/nexefundacio.org\/\",\"name\":\"Nexe Fundaci\u00f3\",\"description\":\"Acompa\u00f1amos la infancia con pluridiscapacidad\",\"publisher\":{\"@id\":\"https:\/\/nexefundacio.org\/#organization\"},\"potentialAction\":[{\"@type\":\"SearchAction\",\"target\":{\"@type\":\"EntryPoint\",\"urlTemplate\":\"https:\/\/nexefundacio.org\/?s={search_term_string}\"},\"query-input\":{\"@type\":\"PropertyValueSpecification\",\"valueRequired\":true,\"valueName\":\"search_term_string\"}}],\"inLanguage\":\"es\"},{\"@type\":\"Organization\",\"@id\":\"https:\/\/nexefundacio.org\/#organization\",\"name\":\"Nexe Fundaci\u00f3\",\"url\":\"https:\/\/nexefundacio.org\/\",\"logo\":{\"@type\":\"ImageObject\",\"inLanguage\":\"es\",\"@id\":\"https:\/\/nexefundacio.org\/#\/schema\/logo\/image\/\",\"url\":\"https:\/\/nexefundacio.org\/wp-content\/uploads\/2021\/05\/Nexe-Fundacio.png\",\"contentUrl\":\"https:\/\/nexefundacio.org\/wp-content\/uploads\/2021\/05\/Nexe-Fundacio.png\",\"width\":300,\"height\":126,\"caption\":\"Nexe Fundaci\u00f3\"},\"image\":{\"@id\":\"https:\/\/nexefundacio.org\/#\/schema\/logo\/image\/\"},\"sameAs\":[\"https:\/\/www.facebook.com\/NexeFundacioPrivada\/\",\"https:\/\/x.com\/nexefundacio\",\"https:\/\/www.instagram.com\/nexefundacio\/\",\"https:\/\/www.linkedin.com\/company\/nexe-fundacio\/\",\"https:\/\/www.youtube.com\/user\/MoutePelsQuiets\"]}]}<\/script>\n<!-- \/ Yoast SEO plugin. -->","yoast_head_json":{"title":"Aviso legal - Nexe Fundaci\u00f3","robots":{"index":"index","follow":"follow","max-snippet":"max-snippet:-1","max-image-preview":"max-image-preview:large","max-video-preview":"max-video-preview:-1"},"canonical":"https:\/\/nexefundacio.org\/es\/aviso-legal\/","og_locale":"es_ES","og_type":"article","og_title":"Aviso legal - Nexe Fundaci\u00f3","og_description":"Aviso legal En cumplimiento de la Ley 34\/2002, del 11 de julio, de Servicios de la Sociedad de la Informaci\u00f3n y de Comercio Electr\u00f3nico (LSSI-CE), NEXE FUNDACI\u00d3 PRIVADA informa que es titular del sitio web. De acuerdo con la exigencia del art\u00edculo 10 de la citada Ley, NEXE FUNDACI\u00d3 PRIVADA informa de los siguientes datos: [&hellip;]","og_url":"https:\/\/nexefundacio.org\/es\/aviso-legal\/","og_site_name":"Nexe Fundaci\u00f3","article_publisher":"https:\/\/www.facebook.com\/NexeFundacioPrivada\/","article_modified_time":"2022-10-25T11:36:25+00:00","twitter_card":"summary_large_image","twitter_site":"@nexefundacio","twitter_misc":{"Tiempo de lectura":"6 minutos"},"schema":{"@context":"https:\/\/schema.org","@graph":[{"@type":"WebPage","@id":"https:\/\/nexefundacio.org\/es\/aviso-legal\/","url":"https:\/\/nexefundacio.org\/es\/aviso-legal\/","name":"Aviso legal - Nexe Fundaci\u00f3","isPartOf":{"@id":"https:\/\/nexefundacio.org\/#website"},"datePublished":"2021-10-13T09:47:29+00:00","dateModified":"2022-10-25T11:36:25+00:00","breadcrumb":{"@id":"https:\/\/nexefundacio.org\/es\/aviso-legal\/#breadcrumb"},"inLanguage":"es","potentialAction":[{"@type":"ReadAction","target":["https:\/\/nexefundacio.org\/es\/aviso-legal\/"]}]},{"@type":"BreadcrumbList","@id":"https:\/\/nexefundacio.org\/es\/aviso-legal\/#breadcrumb","itemListElement":[{"@type":"ListItem","position":1,"name":"Inici","item":"https:\/\/nexefundacio.org\/es\/"},{"@type":"ListItem","position":2,"name":"Aviso legal"}]},{"@type":"WebSite","@id":"https:\/\/nexefundacio.org\/#website","url":"https:\/\/nexefundacio.org\/","name":"Nexe Fundaci\u00f3","description":"Acompa\u00f1amos la infancia con pluridiscapacidad","publisher":{"@id":"https:\/\/nexefundacio.org\/#organization"},"potentialAction":[{"@type":"SearchAction","target":{"@type":"EntryPoint","urlTemplate":"https:\/\/nexefundacio.org\/?s={search_term_string}"},"query-input":{"@type":"PropertyValueSpecification","valueRequired":true,"valueName":"search_term_string"}}],"inLanguage":"es"},{"@type":"Organization","@id":"https:\/\/nexefundacio.org\/#organization","name":"Nexe Fundaci\u00f3","url":"https:\/\/nexefundacio.org\/","logo":{"@type":"ImageObject","inLanguage":"es","@id":"https:\/\/nexefundacio.org\/#\/schema\/logo\/image\/","url":"https:\/\/nexefundacio.org\/wp-content\/uploads\/2021\/05\/Nexe-Fundacio.png","contentUrl":"https:\/\/nexefundacio.org\/wp-content\/uploads\/2021\/05\/Nexe-Fundacio.png","width":300,"height":126,"caption":"Nexe Fundaci\u00f3"},"image":{"@id":"https:\/\/nexefundacio.org\/#\/schema\/logo\/image\/"},"sameAs":["https:\/\/www.facebook.com\/NexeFundacioPrivada\/","https:\/\/x.com\/nexefundacio","https:\/\/www.instagram.com\/nexefundacio\/","https:\/\/www.linkedin.com\/company\/nexe-fundacio\/","https:\/\/www.youtube.com\/user\/MoutePelsQuiets"]}]}},"_links":{"self":[{"href":"https:\/\/nexefundacio.org\/es\/wp-json\/wp\/v2\/pages\/547911","targetHints":{"allow":["GET"]}}],"collection":[{"href":"https:\/\/nexefundacio.org\/es\/wp-json\/wp\/v2\/pages"}],"about":[{"href":"https:\/\/nexefundacio.org\/es\/wp-json\/wp\/v2\/types\/page"}],"author":[{"embeddable":true,"href":"https:\/\/nexefundacio.org\/es\/wp-json\/wp\/v2\/users\/5"}],"replies":[{"embeddable":true,"href":"https:\/\/nexefundacio.org\/es\/wp-json\/wp\/v2\/comments?post=547911"}],"version-history":[{"count":5,"href":"https:\/\/nexefundacio.org\/es\/wp-json\/wp\/v2\/pages\/547911\/revisions"}],"predecessor-version":[{"id":550316,"href":"https:\/\/nexefundacio.org\/es\/wp-json\/wp\/v2\/pages\/547911\/revisions\/550316"}],"wp:attachment":[{"href":"https:\/\/nexefundacio.org\/es\/wp-json\/wp\/v2\/media?parent=547911"}],"curies":[{"name":"wp","href":"https:\/\/api.w.org\/{rel}","templated":true}]}}