{"id":547909,"date":"2021-10-13T08:02:02","date_gmt":"2021-10-13T08:02:02","guid":{"rendered":"http:\/\/nexefundacio.org.mialias.net\/politica-de-cookies\/"},"modified":"2022-11-11T16:00:24","modified_gmt":"2022-11-11T16:00:24","slug":"politica-de-cookies","status":"publish","type":"page","link":"https:\/\/nexefundacio.org\/es\/politica-de-cookies\/","title":{"rendered":"Pol\u00edtica de cookies"},"content":{"rendered":"<h2>Pol\u00edtica de cookies<\/h2>\n<p>Conforme a lo dispuesto en el art\u00edculo 22.2 de la Ley 34\/2002, de 11 de julio, de Servicios de la Sociedad de la Informaci\u00f3n y de Comercio Electr\u00f3nico (LSSI-CE) vigente, NEXE FUNDACIO PRIVADA debe cumplir con la obligaci\u00f3n de informar sobre las cookies que utiliza y sus finalidades.<\/p>\n<p>Este sitio web utiliza cookies y\/o tecnolog\u00edas similares que almacenan y recuperan informaci\u00f3n cuando navegas.<\/p>\n<p>Las cookies permiten a una p\u00e1gina web, entre otras cosas, almacenar y recuperar informaci\u00f3n sobre los h\u00e1bitos de navegaci\u00f3n de un Usuario o de su equipo y, dependiendo de la informaci\u00f3n que contenga y de la forma en que utilice su equipo, pueden utilizarse para reconocer al Usuario.<\/p>\n<p>Las cookies son esenciales para el funcionamiento de internet, aportando innumerables ventajas en la prestaci\u00f3n de servicios interactivos, facilit\u00e1ndole al Usuario la navegaci\u00f3n y usabilidad de nuestra web.<\/p>\n<p>El usuario puede modificar la configuraci\u00f3n personalizada desde los ajustes de la barra de cookies.<\/p>\n<p>La informaci\u00f3n que le proporcionamos a continuaci\u00f3n, le ayudar\u00e1 a comprender los diferentes tipos de cookies:<\/p>\n<table>\n<caption>Tipos de cookies<\/caption>\n<thead>\n<tr>\n<th>SEG\u00daN LA ENTIDAD QUE LAS GESTIONE<\/th>\n<td>COOKIES PROPIAS<\/td>\n<td>Son aquellas que se env\u00edan al equipo terminal del usuario desde un equipo o dominio que no es gestionado por el editor, sino por otra entidad que trata los datos obtenidos a trav\u00e9s de las cookies.<\/td>\n<\/tr>\n<\/thead>\n<tbody>\n<tr>\n<td><\/td>\n<td>COOKIES DE TERCERO<\/td>\n<td>Son aquellas que se env\u00edan al equipo terminal del usuario desde un equipo o dominio que no es gestionado por el editor, sino por otra entidad que trata los datos obtenidos a trav\u00e9s de las cookies.<\/td>\n<\/tr>\n<tr>\n<th>SEG\u00daN EL PLAZO DE TIEMPO QUE PERMANEZCAN ACTIVADAS<\/th>\n<td>COOKIES DE SESI\u00d3N<\/td>\n<td>Son aquellas dise\u00f1adas para recabar y almacenar datos mientras el usuario accede a una p\u00e1gina web. Se suelen emplear para almacenar informaci\u00f3n que solo interesa conservar para la prestaci\u00f3n del servicio solicitado por el usuario en una sola ocasi\u00f3n (por ejemplo, una lista de productos adquiridos) y desaparecen al terminar la sesi\u00f3n<\/td>\n<\/tr>\n<tr>\n<td><\/td>\n<td>COOKIES PERSISTENTES<\/td>\n<td>Son aquellas en las que los datos siguen almacenados en el terminal y pueden ser accedidos y tratados durante un periodo definido por el responsable de la cookie, y que puede ir de unos minutos a varios a\u00f1os.<\/td>\n<\/tr>\n<tr>\n<th>SEG\u00daN SU FINALIDAD<\/th>\n<td>COOKIES T\u00c9CNICAS<\/td>\n<td>Son aquellas que permiten al usuario la navegaci\u00f3n a trav\u00e9s de una p\u00e1gina web, plataforma o aplicaci\u00f3n y la utilizaci\u00f3n de las diferentes opciones o servicios que en ella existan<\/td>\n<\/tr>\n<tr>\n<td><\/td>\n<td>COOKIES DE PERSONALIZACI\u00d3N<\/td>\n<td>Permiten aplicar caracter\u00edsticas propias para la navegaci\u00f3n del usuario por el website (Ej. idioma).<\/td>\n<\/tr>\n<tr>\n<td><\/td>\n<td>COOKIES DE AN\u00c1LISIS<\/td>\n<td>Son aquellas que permiten al responsable de las mismas el seguimiento y an\u00e1lisis del comportamiento de los usuarios de los sitios web a los que est\u00e1n vinculadas, incluida la cuantificaci\u00f3n de los impactos de los anuncios. La informaci\u00f3n recogida mediante este tipo de cookies se utiliza en la medici\u00f3n de la actividad de los sitios web, aplicaci\u00f3n o plataforma, con el fin de introducir mejoras en funci\u00f3n del an\u00e1lisis de los datos de uso que hacen los usuarios del servicio.<\/td>\n<\/tr>\n<tr>\n<td><\/td>\n<td>COOKIES PUBLICITARIAS<\/td>\n<td>Permiten al editor incluir en la p\u00e1gina web espacios publicitarios, seg\u00fan el contenido de la propia web.<\/td>\n<\/tr>\n<tr>\n<td><\/td>\n<td>COOKIES DE PUBLICIDAD COMPORTAMENTAL<\/td>\n<td>Son aquellas que almacenan informaci\u00f3n del comportamiento de los usuarios obtenida a trav\u00e9s de la observaci\u00f3n continuada de sus h\u00e1bitos de navegaci\u00f3n, lo que permite desarrollar un perfil espec\u00edfico para mostrar publicidad en funci\u00f3n del mismo.<\/td>\n<\/tr>\n<\/tbody>\n<\/table>\n<p>T\u00e9ngase en cuenta que, si acepta las cookies de terceros, deber\u00e1 eliminarlas desde las opciones del navegador o desde el sistema ofrecido por el propio tercero.<br \/>\nA continuaci\u00f3n le proporcionamos los enlaces de diversos navegadores, a trav\u00e9s de los cuales podr\u00e1 modificar la configuraci\u00f3n de su navegador sobre el uso de cookies:<br \/>\n\uf0a7<\/p>\n<p>\u00b7 Firefox desde aqu\u00ed: <a href=\"http:\/\/support.mozilla.org\/es\/kb\/habilitar-y-deshabilitar-cookies-que-los-sitios-we\">http:\/\/support.mozilla.org\/es\/kb\/habilitar-y-deshabilitar-cookies-que-los-sitios-we<\/a><\/p>\n<p>\u00b7 Chrome desde aqu\u00ed: <a href=\"http:\/\/support.google.com\/chrome\/bin\/answer.py?hl=es&amp;answer=95647\">http:\/\/support.google.com\/chrome\/bin\/answer.py?hl=es&amp;answer=95647<\/a><\/p>\n<p>\u00b7 Explorer desde aqu\u00ed: <a href=\"http:\/\/windows.microsoft.com\/es-es\/internet-explorer\/delete-manage-cookies#ie=ie-10\">http:\/\/windows.microsoft.com\/es-es\/internet-explorer\/delete-manage-cookies#ie=ie-10<\/a><\/p>\n<p>\u00b7 Safari desde aqu\u00ed: <a href=\"https:\/\/support.apple.com\/kb\/ph17191?locale=es_ES\">https:\/\/support.apple.com\/kb\/ph17191?locale=es_ES<\/a><\/p>\n<p>\u00b7 Opera desde aqu\u00ed: <a href=\"https:\/\/help.opera.com\/en\/latest\/web-preferences\/#cookies\">https:\/\/help.opera.com\/en\/latest\/web-preferences\/#cookies<\/a><\/p>\n<p>Para conocer m\u00e1s informaci\u00f3n sobre el tratamiento de datos personales, le recomendamos visitar nuestro apartado \u201c<a href=\"https:\/\/nexefundacio.org\/politica-privacitat\/\">Pol\u00edtica de Privacidad<\/a>\u201d.<\/p>\n<p style=\"text-align: right;\"><strong>\u00daLTIMA ACTUALIZACI\u00d3N: 1 de junio de 2021<\/strong><\/p>\n","protected":false},"excerpt":{"rendered":"<p>Pol\u00edtica de cookies Conforme a lo dispuesto en el art\u00edculo 22.2 de la Ley 34\/2002, de 11 de julio, de Servicios de la Sociedad de la Informaci\u00f3n y de Comercio Electr\u00f3nico (LSSI-CE) vigente, NEXE FUNDACIO PRIVADA debe cumplir con la obligaci\u00f3n de informar sobre las cookies que utiliza y sus finalidades. Este sitio web utiliza [&hellip;]<\/p>\n","protected":false},"author":5,"featured_media":0,"parent":0,"menu_order":22,"comment_status":"closed","ping_status":"closed","template":"","meta":{"footnotes":""},"class_list":["post-547909","page","type-page","status-publish","hentry"],"yoast_head":"<!-- This site is optimized with the Yoast SEO plugin v26.1.1 - https:\/\/yoast.com\/wordpress\/plugins\/seo\/ -->\n<title>Pol\u00edtica de cookies - Nexe Fundaci\u00f3<\/title>\n<meta name=\"robots\" content=\"index, follow, max-snippet:-1, max-image-preview:large, max-video-preview:-1\" \/>\n<link rel=\"canonical\" href=\"https:\/\/nexefundacio.org\/es\/politica-de-cookies\/\" \/>\n<meta property=\"og:locale\" content=\"es_ES\" \/>\n<meta property=\"og:type\" content=\"article\" \/>\n<meta property=\"og:title\" content=\"Pol\u00edtica de cookies - Nexe Fundaci\u00f3\" \/>\n<meta property=\"og:description\" content=\"Pol\u00edtica de cookies Conforme a lo dispuesto en el art\u00edculo 22.2 de la Ley 34\/2002, de 11 de julio, de Servicios de la Sociedad de la Informaci\u00f3n y de Comercio Electr\u00f3nico (LSSI-CE) vigente, NEXE FUNDACIO PRIVADA debe cumplir con la obligaci\u00f3n de informar sobre las cookies que utiliza y sus finalidades. Este sitio web utiliza [&hellip;]\" \/>\n<meta property=\"og:url\" content=\"https:\/\/nexefundacio.org\/es\/politica-de-cookies\/\" \/>\n<meta property=\"og:site_name\" content=\"Nexe Fundaci\u00f3\" \/>\n<meta property=\"article:publisher\" content=\"https:\/\/www.facebook.com\/NexeFundacioPrivada\/\" \/>\n<meta property=\"article:modified_time\" content=\"2022-11-11T16:00:24+00:00\" \/>\n<meta name=\"twitter:card\" content=\"summary_large_image\" \/>\n<meta name=\"twitter:site\" content=\"@nexefundacio\" \/>\n<meta name=\"twitter:label1\" content=\"Tiempo de lectura\" \/>\n\t<meta name=\"twitter:data1\" content=\"4 minutos\" \/>\n<script type=\"application\/ld+json\" class=\"yoast-schema-graph\">{\"@context\":\"https:\/\/schema.org\",\"@graph\":[{\"@type\":\"WebPage\",\"@id\":\"https:\/\/nexefundacio.org\/es\/politica-de-cookies\/\",\"url\":\"https:\/\/nexefundacio.org\/es\/politica-de-cookies\/\",\"name\":\"Pol\u00edtica de cookies - Nexe Fundaci\u00f3\",\"isPartOf\":{\"@id\":\"https:\/\/nexefundacio.org\/#website\"},\"datePublished\":\"2021-10-13T08:02:02+00:00\",\"dateModified\":\"2022-11-11T16:00:24+00:00\",\"breadcrumb\":{\"@id\":\"https:\/\/nexefundacio.org\/es\/politica-de-cookies\/#breadcrumb\"},\"inLanguage\":\"es\",\"potentialAction\":[{\"@type\":\"ReadAction\",\"target\":[\"https:\/\/nexefundacio.org\/es\/politica-de-cookies\/\"]}]},{\"@type\":\"BreadcrumbList\",\"@id\":\"https:\/\/nexefundacio.org\/es\/politica-de-cookies\/#breadcrumb\",\"itemListElement\":[{\"@type\":\"ListItem\",\"position\":1,\"name\":\"Inici\",\"item\":\"https:\/\/nexefundacio.org\/es\/\"},{\"@type\":\"ListItem\",\"position\":2,\"name\":\"Pol\u00edtica de cookies\"}]},{\"@type\":\"WebSite\",\"@id\":\"https:\/\/nexefundacio.org\/#website\",\"url\":\"https:\/\/nexefundacio.org\/\",\"name\":\"Nexe Fundaci\u00f3\",\"description\":\"Acompa\u00f1amos la infancia con pluridiscapacidad\",\"publisher\":{\"@id\":\"https:\/\/nexefundacio.org\/#organization\"},\"potentialAction\":[{\"@type\":\"SearchAction\",\"target\":{\"@type\":\"EntryPoint\",\"urlTemplate\":\"https:\/\/nexefundacio.org\/?s={search_term_string}\"},\"query-input\":{\"@type\":\"PropertyValueSpecification\",\"valueRequired\":true,\"valueName\":\"search_term_string\"}}],\"inLanguage\":\"es\"},{\"@type\":\"Organization\",\"@id\":\"https:\/\/nexefundacio.org\/#organization\",\"name\":\"Nexe Fundaci\u00f3\",\"url\":\"https:\/\/nexefundacio.org\/\",\"logo\":{\"@type\":\"ImageObject\",\"inLanguage\":\"es\",\"@id\":\"https:\/\/nexefundacio.org\/#\/schema\/logo\/image\/\",\"url\":\"https:\/\/nexefundacio.org\/wp-content\/uploads\/2021\/05\/Nexe-Fundacio.png\",\"contentUrl\":\"https:\/\/nexefundacio.org\/wp-content\/uploads\/2021\/05\/Nexe-Fundacio.png\",\"width\":300,\"height\":126,\"caption\":\"Nexe Fundaci\u00f3\"},\"image\":{\"@id\":\"https:\/\/nexefundacio.org\/#\/schema\/logo\/image\/\"},\"sameAs\":[\"https:\/\/www.facebook.com\/NexeFundacioPrivada\/\",\"https:\/\/x.com\/nexefundacio\",\"https:\/\/www.instagram.com\/nexefundacio\/\",\"https:\/\/www.linkedin.com\/company\/nexe-fundacio\/\",\"https:\/\/www.youtube.com\/user\/MoutePelsQuiets\"]}]}<\/script>\n<!-- \/ Yoast SEO plugin. -->","yoast_head_json":{"title":"Pol\u00edtica de cookies - Nexe Fundaci\u00f3","robots":{"index":"index","follow":"follow","max-snippet":"max-snippet:-1","max-image-preview":"max-image-preview:large","max-video-preview":"max-video-preview:-1"},"canonical":"https:\/\/nexefundacio.org\/es\/politica-de-cookies\/","og_locale":"es_ES","og_type":"article","og_title":"Pol\u00edtica de cookies - Nexe Fundaci\u00f3","og_description":"Pol\u00edtica de cookies Conforme a lo dispuesto en el art\u00edculo 22.2 de la Ley 34\/2002, de 11 de julio, de Servicios de la Sociedad de la Informaci\u00f3n y de Comercio Electr\u00f3nico (LSSI-CE) vigente, NEXE FUNDACIO PRIVADA debe cumplir con la obligaci\u00f3n de informar sobre las cookies que utiliza y sus finalidades. Este sitio web utiliza [&hellip;]","og_url":"https:\/\/nexefundacio.org\/es\/politica-de-cookies\/","og_site_name":"Nexe Fundaci\u00f3","article_publisher":"https:\/\/www.facebook.com\/NexeFundacioPrivada\/","article_modified_time":"2022-11-11T16:00:24+00:00","twitter_card":"summary_large_image","twitter_site":"@nexefundacio","twitter_misc":{"Tiempo de lectura":"4 minutos"},"schema":{"@context":"https:\/\/schema.org","@graph":[{"@type":"WebPage","@id":"https:\/\/nexefundacio.org\/es\/politica-de-cookies\/","url":"https:\/\/nexefundacio.org\/es\/politica-de-cookies\/","name":"Pol\u00edtica de cookies - Nexe Fundaci\u00f3","isPartOf":{"@id":"https:\/\/nexefundacio.org\/#website"},"datePublished":"2021-10-13T08:02:02+00:00","dateModified":"2022-11-11T16:00:24+00:00","breadcrumb":{"@id":"https:\/\/nexefundacio.org\/es\/politica-de-cookies\/#breadcrumb"},"inLanguage":"es","potentialAction":[{"@type":"ReadAction","target":["https:\/\/nexefundacio.org\/es\/politica-de-cookies\/"]}]},{"@type":"BreadcrumbList","@id":"https:\/\/nexefundacio.org\/es\/politica-de-cookies\/#breadcrumb","itemListElement":[{"@type":"ListItem","position":1,"name":"Inici","item":"https:\/\/nexefundacio.org\/es\/"},{"@type":"ListItem","position":2,"name":"Pol\u00edtica de cookies"}]},{"@type":"WebSite","@id":"https:\/\/nexefundacio.org\/#website","url":"https:\/\/nexefundacio.org\/","name":"Nexe Fundaci\u00f3","description":"Acompa\u00f1amos la infancia con pluridiscapacidad","publisher":{"@id":"https:\/\/nexefundacio.org\/#organization"},"potentialAction":[{"@type":"SearchAction","target":{"@type":"EntryPoint","urlTemplate":"https:\/\/nexefundacio.org\/?s={search_term_string}"},"query-input":{"@type":"PropertyValueSpecification","valueRequired":true,"valueName":"search_term_string"}}],"inLanguage":"es"},{"@type":"Organization","@id":"https:\/\/nexefundacio.org\/#organization","name":"Nexe Fundaci\u00f3","url":"https:\/\/nexefundacio.org\/","logo":{"@type":"ImageObject","inLanguage":"es","@id":"https:\/\/nexefundacio.org\/#\/schema\/logo\/image\/","url":"https:\/\/nexefundacio.org\/wp-content\/uploads\/2021\/05\/Nexe-Fundacio.png","contentUrl":"https:\/\/nexefundacio.org\/wp-content\/uploads\/2021\/05\/Nexe-Fundacio.png","width":300,"height":126,"caption":"Nexe Fundaci\u00f3"},"image":{"@id":"https:\/\/nexefundacio.org\/#\/schema\/logo\/image\/"},"sameAs":["https:\/\/www.facebook.com\/NexeFundacioPrivada\/","https:\/\/x.com\/nexefundacio","https:\/\/www.instagram.com\/nexefundacio\/","https:\/\/www.linkedin.com\/company\/nexe-fundacio\/","https:\/\/www.youtube.com\/user\/MoutePelsQuiets"]}]}},"_links":{"self":[{"href":"https:\/\/nexefundacio.org\/es\/wp-json\/wp\/v2\/pages\/547909","targetHints":{"allow":["GET"]}}],"collection":[{"href":"https:\/\/nexefundacio.org\/es\/wp-json\/wp\/v2\/pages"}],"about":[{"href":"https:\/\/nexefundacio.org\/es\/wp-json\/wp\/v2\/types\/page"}],"author":[{"embeddable":true,"href":"https:\/\/nexefundacio.org\/es\/wp-json\/wp\/v2\/users\/5"}],"replies":[{"embeddable":true,"href":"https:\/\/nexefundacio.org\/es\/wp-json\/wp\/v2\/comments?post=547909"}],"version-history":[{"count":5,"href":"https:\/\/nexefundacio.org\/es\/wp-json\/wp\/v2\/pages\/547909\/revisions"}],"predecessor-version":[{"id":550669,"href":"https:\/\/nexefundacio.org\/es\/wp-json\/wp\/v2\/pages\/547909\/revisions\/550669"}],"wp:attachment":[{"href":"https:\/\/nexefundacio.org\/es\/wp-json\/wp\/v2\/media?parent=547909"}],"curies":[{"name":"wp","href":"https:\/\/api.w.org\/{rel}","templated":true}]}}