{"id":547837,"date":"2021-04-07T10:58:45","date_gmt":"2021-04-07T10:58:45","guid":{"rendered":"http:\/\/nexefundacio.org.mialias.net\/?page_id=547837"},"modified":"2022-10-15T14:45:00","modified_gmt":"2022-10-15T14:45:00","slug":"politica-privacidad","status":"publish","type":"page","link":"https:\/\/nexefundacio.org\/es\/politica-privacidad\/","title":{"rendered":"Pol\u00edtica de privacidad"},"content":{"rendered":"<table>\n<caption>\u00a0<\/caption>\n<thead>\n<tr>\n<th>RAZ\u00d3N SOCIAL<\/th>\n<td>NEXE FUNDACIO PRIVADA<\/td>\n<\/tr>\n<\/thead>\n<tbody>\n<tr>\n<th>NIF<\/th>\n<td>G59986299<\/td>\n<\/tr>\n<tr>\n<th>DIRECCI\u00d3N POSTAL<\/th>\n<td>C\/DEL ESCORIAL,169 08024, BARCELONA<\/td>\n<\/tr>\n<tr>\n<th>DIRECCI\u00d3N ELECTR\u00d3NICA<\/th>\n<td><a style=\"color: #5b5b5a; font-size: 14.4px;\">ADMINISTRACIO@NEXEFUNDACIO.ORG<\/a><\/td>\n<\/tr>\n<tr>\n<th>TEL\u00c9FONOS<\/th>\n<td>932846423<\/td>\n<\/tr>\n<tr>\n<th>REGISTRO DE FUNDACIONES<\/th>\n<td>N\u00daM. REGISTRO: 619<br \/>\nFECHA: 23\/7\/1992<\/td>\n<\/tr>\n<tr>\n<th>OBJETO PRINCIPAL<\/th>\n<td>Servicios para la pluridiscapacidad<\/td>\n<\/tr>\n<\/tbody>\n<\/table>\n<h2>Protecci\u00f3n de datos<\/h2>\n<p>De conformidad con la normativa vigente y aplicable en protecci\u00f3n de datos de car\u00e1cter personal, le informamos que sus datos ser\u00e1n incorporados al sistema de tratamiento titularidad de NEXE FUNDACIO PRIVADA con NIF G59986299 y domicilio social sito en C\/DEL ESCORIAL,169 08024, BARCELONA, y que a continuaci\u00f3n se relacionan sus respectivas finalidades, plazos de conservaci\u00f3n y bases legitimadoras. Para aquellos tratamientos que lo requieran, se informa tambi\u00e9n de la posible elaboraci\u00f3n de perfiles y decisiones automatizadas, as\u00ed como las posibles cesiones y las transferencias internacionales que NEXE FUNDACIO PRIVADA tiene previsto realizar:<\/p>\n<table>\n<caption>TRATAMIENTOS REALIZADOS<\/caption>\n<thead>\n<tr>\n<th>Gesti\u00f3n de la p\u00e1gina web<\/th>\n<td>Finalidad: Tratamiento y gesti\u00f3n de los datos necesarios para la funcionalidad de la p\u00e1gina web<br \/>\nPlazo de conservaci\u00f3n: mientras perdure el consentimiento prestado<br \/>\nBase leg\u00edtima: El consentimiento del interesado<br \/>\nTipolog\u00eda de Datos: Datos meramente identificativos<br \/>\nCesiones: No se prev\u00e9n<br \/>\nTransferencias internacionales: No se prev\u00e9n<br \/>\nElaboraciones de perfiles: No se prev\u00e9n<\/td>\n<\/tr>\n<\/thead>\n<tbody>\n<tr>\n<th>Formulario web<\/th>\n<td>Finalidad: Atender sus consultas y\/o solicitudes<br \/>\nPlazo de conservaci\u00f3n: mientras se mantenga el consentimiento prestado.<br \/>\nBase leg\u00edtima: El consentimiento del interesado<br \/>\nTipolog\u00eda de Datos: Datos meramente identificativos<br \/>\nCesiones: Ninguna<br \/>\nTransferencias internacionales: No se prev\u00e9n<br \/>\nElaboraciones de perfiles: No se prev\u00e9n<\/td>\n<\/tr>\n<tr>\n<th>Gesti\u00f3n del cumplimiento normativo<\/th>\n<td>Finalidad: Gesti\u00f3n y tramitaci\u00f3n de las obligaciones y deberes que se deriven del cumplimiento de la normativa a la cual est\u00e1 sujeta la entidad<br \/>\nPlazo de conservaci\u00f3n: conservaci\u00f3n de las copias de los documentos hasta que prescriban las acciones para reclamarle una posible responsabilidad<br \/>\nBase leg\u00edtima: El cumplimiento de una ley<br \/>\nTipolog\u00eda de Datos: Datos meramente identificativos<br \/>\nCesiones: sus datos ser\u00e1n comunicados en caso de ser necesario a Organismos y\/o administraci\u00f3n p\u00fablica con competencia en la materia con la finalidad de cumplir con las obligaciones establecidas en la normativa aplicable. Adem\u00e1s, se informa que la base legitimadora de la cesi\u00f3n es cumplir con las obligaciones establecidas en la normativa aplicable<br \/>\nTransferencias internacionales: No se prev\u00e9n<br \/>\nElaboraciones de perfiles: No se prev\u00e9n<\/td>\n<\/tr>\n<tr>\n<th>Acciones Comerciales<\/th>\n<td>Finalidad: Captaci\u00f3n, registro y tratamiento de datos con finalidades de publicidad y prospecci\u00f3n comercial de nuestros productos y\/o servicios<br \/>\nPlazo de conservaci\u00f3n: mientras se mantenga el consentimiento prestado<br \/>\nBase leg\u00edtima: El consentimiento del interesado<br \/>\nTipolog\u00eda de Datos: Datos meramente identificativos<br \/>\nCesiones: Ninguna<br \/>\nTransferencias internacionales: No se prev\u00e9n<br \/>\nElaboraciones de perfiles: No se prev\u00e9n<\/td>\n<\/tr>\n<tr>\n<th>Gesti\u00f3n econ\u00f3mica y administrativa<\/th>\n<td><a>Finalidad: Gesti\u00f3n administrativa, facturaci\u00f3n, contabilidad y obligaciones legales<br \/>\nPlazo de conservaci\u00f3n: 5 a\u00f1os en cumplimiento de la ley tributaria y 10 a\u00f1os la documentaci\u00f3n fiscal en cumplimiento de la L.O.7\/2012<br \/>\nBase leg\u00edtima: El consentimiento del interesado<br \/>\nTipolog\u00eda de Datos: Datos meramente identificativos<br \/>\nCesiones: sus datos ser\u00e1n comunicados en caso de ser necesario a Agencia Tributaria, Bancos, Cajas y Organismos y\/o administraci\u00f3n p\u00fablica con competencia en la materia con la finalidad de cumplir con las obligaciones tributarias y fiscales establecidas en la normativa aplicable. Adem\u00e1s, se informa que la base legitimadora de la cesi\u00f3n es cumplir con las obligaciones establecidas en la normativa aplicable<br \/>\nTransferencias internacionales: No se prev\u00e9n<br \/>\nElaboraciones de perfiles: No se prev\u00e9n<\/a><\/td>\n<\/tr>\n<tr>\n<th>Gesti\u00f3n donaciones y\/o colaboraciones econ\u00f3micas<\/th>\n<td>Finalidad: Tramitaci\u00f3n y gesti\u00f3n de las donaciones y\/o colaboraciones econ\u00f3micas fijas o espor\u00e1dicas<br \/>\nPlazo de conservaci\u00f3n: 10 a\u00f1os, en cumplimiento de la Ley 10\/2010, de 28 de abril, de prevenci\u00f3n del blanqueo de capitales y de la financiaci\u00f3n del terrorismo<br \/>\nBase leg\u00edtima: El consentimiento del interesado<br \/>\nTipolog\u00eda de Datos: Datos meramente identificativos<br \/>\nCesiones: sus datos ser\u00e1n comunicados en caso de ser necesario a la Agencia Tributaria, Bancos y Cajas con la finalidad de cumplir con las obligaciones tributarias y fiscales establecidas en la normativa aplicable. Adem\u00e1s, se informa que la base legitimadora de la cesi\u00f3n es cumplir con las obligaciones establecidas en la normativa aplicable<br \/>\nTransferencias internacionales: No se prev\u00e9n<br \/>\nElaboraciones de perfiles: No se prev\u00e9n<\/td>\n<\/tr>\n<\/tbody>\n<\/table>\n<p>A su vez, le informamos que puede contactar con el Delegado de Protecci\u00f3n de Datos, dirigi\u00e9ndose por escrito a la direcci\u00f3n de correo <a href=\"dpd.cliente@conversia.es\">dpd.cliente@conversia.es<\/a> o al tel\u00e9fono <a href=\"tel:902%20877%20192;\">902 877 192<\/a><\/p>\n<h2>Derechos de los interesados<\/h2>\n<p>NEXE FUNDACIO PRIVADA informa a los Usuarios que, podr\u00e1 ejercer los derechos de acceso, rectificaci\u00f3n, limitaci\u00f3n, supresi\u00f3n, portabilidad y oposici\u00f3n al tratamiento de sus datos de car\u00e1cter personal ante el Responsable del Tratamiento, as\u00ed como a la retirada del consentimiento prestado.<\/p>\n<p>Derecho de Acceso: Es el derecho del usuario a obtener informaci\u00f3n sobre sus datos concretos de car\u00e1cter personal y del tratamiento que se haya realizado o realice, as\u00ed como de la informaci\u00f3n disponible sobre el origen de dichos datos y las comunicaciones realizadas o previstas de los mismos.<\/p>\n<p>Derecho de Rectificaci\u00f3n: Es el derecho del afectado a que se modifiquen los datos que resulten ser inexactos o incompletos. S\u00f3lo podr\u00e1 satisfacerse en relaci\u00f3n a aquella informaci\u00f3n que se encuentre bajo el control de NEXE FUNDACIO PRIVADA, por ejemplo, eliminar comentarios publicados en la propia p\u00e1gina, im\u00e1genes o contenidos web donde consten datos de car\u00e1cter personal del usuario.<\/p>\n<p><strong>Derecho a la Limitaci\u00f3n de tratamiento<\/strong>: Es el derecho a que se limiten los fines del tratamiento previstos de forma original por el responsable del tratamiento.<\/p>\n<p><strong>Derecho de Supresi\u00f3n<\/strong>: Es el derecho a suprimir los datos de car\u00e1cter personal del usuario, a excepci\u00f3n de lo previsto en el propio RGPD o en otras normativas aplicables que determinen la obligatoriedad de la conservaci\u00f3n de los mismos, en tiempo y forma.<\/p>\n<p><strong>Derecho de portabilidad<\/strong>: El derecho a recibir los datos personales que el usuario, haya facilitado, en un formato estructurado, de uso com\u00fan y lectura mec\u00e1nica, y a transmitirlos a otro responsable.<\/p>\n<p><strong>Derecho de Oposici\u00f3n<\/strong>: Es el derecho del usuario a que no se lleve a cabo el tratamiento de sus datos de car\u00e1cter personal o se cese el tratamiento de los mismos por parte de NEXE FUNDACIO PRIVADA.<\/p>\n<p>Para poder ejercer cualquiera de los derechos descritos anteriormente deber\u00e1 cumplir con los siguientes requisitos:<\/p>\n<p>Presentaci\u00f3n de un escrito a la direcci\u00f3n C\/DEL ESCORIAL,169 08024, BARCELONA (a la atenci\u00f3n de NEXE FUNDACIO PRIVADA) o bien a trav\u00e9s del correo electr\u00f3nico a <a href=\"mailto:ADMINISTRACIO@NEXEFUNDACIO.ORG;\">ADMINISTRACIO@NEXEFUNDACIO.ORG<\/a><\/p>\n<p>\u00b7 El escrito remitido por el titular de los datos que solicite el ejercicio deber\u00e1 de cumplir los siguientes requisitos legales:<\/p>\n<p>\u00b7 Nombre, apellidos del interesado y copia del DNI\/NIE o cualquier documento identificativo. En los excepcionales casos en que se admita la representaci\u00f3n, ser\u00e1 tambi\u00e9n necesaria la identificaci\u00f3n por el mismo medio de la persona que le representa, as\u00ed como el documento acreditativo de la representaci\u00f3n. La fotocopia del DNI podr\u00e1 ser sustituida siempre que se acredite la identidad por cualquier otro medio v\u00e1lido en derecho.<\/p>\n<p>\u00b7 Petici\u00f3n en que se concreta la solicitud. (Ejercicio en el que se solicita la informaci\u00f3n a la que se quiere acceder). Si no hace referencia a un fichero concreto se le facilitar\u00e1 toda la informaci\u00f3n que se tenga con sus datos de car\u00e1cter personal. Si solicita informaci\u00f3n de un fichero en concreto, s\u00f3lo la informaci\u00f3n de este fichero. Si solicita informaci\u00f3n relativa a un tercero nunca se podr\u00e1 facilitar. Si lo solicita por tel\u00e9fono se le indicar\u00e1 que lo haga por escrito y se le informar\u00e1 de c\u00f3mo lo puede hacer y la direcci\u00f3n a la que tiene que enviarlo. Nunca se le dar\u00e1 informaci\u00f3n por tel\u00e9fono.<\/p>\n<p>\u00b7Domicilio a efectos de notificaciones.<\/p>\n<p>\u00b7 Fecha y firma del solicitante.<\/p>\n<p>\u00b7 Documentos acreditativos de la petici\u00f3n que formula.<\/p>\n<p>\u00b7 El interesado debe utilizar cualquier medio que permita acreditar el env\u00edo y la recepci\u00f3n de la solicitud.<\/p>\n<p>NEXE FUNDACIO PRIVADA se compromete a adoptar las medidas t\u00e9cnicas y organizativas necesarias, acorde al nivel de riesgos que acompa\u00f1an los tratamientos realizados por \u00e9stas e indicados en el apartado de los t\u00e9rminos y condiciones de uso, de forma que garanticen su integridad, confidencialidad y disponibilidad.<\/p>\n<p style=\"text-align: right;\"><strong>\u00daLTIMA ACTUALIZACI\u00d3N: 1 de junio de 2021<\/strong><\/p>\n","protected":false},"excerpt":{"rendered":"<p>\u00a0 RAZ\u00d3N SOCIAL NEXE FUNDACIO PRIVADA NIF G59986299 DIRECCI\u00d3N POSTAL C\/DEL ESCORIAL,169 08024, BARCELONA DIRECCI\u00d3N ELECTR\u00d3NICA ADMINISTRACIO@NEXEFUNDACIO.ORG TEL\u00c9FONOS 932846423 REGISTRO DE FUNDACIONES N\u00daM. REGISTRO: 619 FECHA: 23\/7\/1992 OBJETO PRINCIPAL Servicios para la pluridiscapacidad Protecci\u00f3n de datos De conformidad con la normativa vigente y aplicable en protecci\u00f3n de datos de car\u00e1cter personal, le informamos que sus [&hellip;]<\/p>\n","protected":false},"author":5,"featured_media":0,"parent":0,"menu_order":21,"comment_status":"closed","ping_status":"closed","template":"","meta":{"footnotes":""},"class_list":["post-547837","page","type-page","status-publish","hentry"],"yoast_head":"<!-- This site is optimized with the Yoast SEO plugin v26.1.1 - https:\/\/yoast.com\/wordpress\/plugins\/seo\/ -->\n<title>Pol\u00edtica de privacidad - Nexe Fundaci\u00f3<\/title>\n<meta name=\"robots\" content=\"index, follow, max-snippet:-1, max-image-preview:large, max-video-preview:-1\" \/>\n<link rel=\"canonical\" href=\"https:\/\/nexefundacio.org\/es\/politica-privacidad\/\" \/>\n<meta property=\"og:locale\" content=\"es_ES\" \/>\n<meta property=\"og:type\" content=\"article\" \/>\n<meta property=\"og:title\" content=\"Pol\u00edtica de privacidad - Nexe Fundaci\u00f3\" \/>\n<meta property=\"og:description\" content=\"\u00a0 RAZ\u00d3N SOCIAL NEXE FUNDACIO PRIVADA NIF G59986299 DIRECCI\u00d3N POSTAL C\/DEL ESCORIAL,169 08024, BARCELONA DIRECCI\u00d3N ELECTR\u00d3NICA ADMINISTRACIO@NEXEFUNDACIO.ORG TEL\u00c9FONOS 932846423 REGISTRO DE FUNDACIONES N\u00daM. REGISTRO: 619 FECHA: 23\/7\/1992 OBJETO PRINCIPAL Servicios para la pluridiscapacidad Protecci\u00f3n de datos De conformidad con la normativa vigente y aplicable en protecci\u00f3n de datos de car\u00e1cter personal, le informamos que sus [&hellip;]\" \/>\n<meta property=\"og:url\" content=\"https:\/\/nexefundacio.org\/es\/politica-privacidad\/\" \/>\n<meta property=\"og:site_name\" content=\"Nexe Fundaci\u00f3\" \/>\n<meta property=\"article:publisher\" content=\"https:\/\/www.facebook.com\/NexeFundacioPrivada\/\" \/>\n<meta property=\"article:modified_time\" content=\"2022-10-15T14:45:00+00:00\" \/>\n<meta name=\"twitter:card\" content=\"summary_large_image\" \/>\n<meta name=\"twitter:site\" content=\"@nexefundacio\" \/>\n<meta name=\"twitter:label1\" content=\"Tiempo de lectura\" \/>\n\t<meta name=\"twitter:data1\" content=\"7 minutos\" \/>\n<script type=\"application\/ld+json\" class=\"yoast-schema-graph\">{\"@context\":\"https:\/\/schema.org\",\"@graph\":[{\"@type\":\"WebPage\",\"@id\":\"https:\/\/nexefundacio.org\/es\/politica-privacidad\/\",\"url\":\"https:\/\/nexefundacio.org\/es\/politica-privacidad\/\",\"name\":\"Pol\u00edtica de privacidad - Nexe Fundaci\u00f3\",\"isPartOf\":{\"@id\":\"https:\/\/nexefundacio.org\/#website\"},\"datePublished\":\"2021-04-07T10:58:45+00:00\",\"dateModified\":\"2022-10-15T14:45:00+00:00\",\"breadcrumb\":{\"@id\":\"https:\/\/nexefundacio.org\/es\/politica-privacidad\/#breadcrumb\"},\"inLanguage\":\"es\",\"potentialAction\":[{\"@type\":\"ReadAction\",\"target\":[\"https:\/\/nexefundacio.org\/es\/politica-privacidad\/\"]}]},{\"@type\":\"BreadcrumbList\",\"@id\":\"https:\/\/nexefundacio.org\/es\/politica-privacidad\/#breadcrumb\",\"itemListElement\":[{\"@type\":\"ListItem\",\"position\":1,\"name\":\"Inici\",\"item\":\"https:\/\/nexefundacio.org\/es\/\"},{\"@type\":\"ListItem\",\"position\":2,\"name\":\"Pol\u00edtica de privacidad\"}]},{\"@type\":\"WebSite\",\"@id\":\"https:\/\/nexefundacio.org\/#website\",\"url\":\"https:\/\/nexefundacio.org\/\",\"name\":\"Nexe Fundaci\u00f3\",\"description\":\"Acompa\u00f1amos la infancia con pluridiscapacidad\",\"publisher\":{\"@id\":\"https:\/\/nexefundacio.org\/#organization\"},\"potentialAction\":[{\"@type\":\"SearchAction\",\"target\":{\"@type\":\"EntryPoint\",\"urlTemplate\":\"https:\/\/nexefundacio.org\/?s={search_term_string}\"},\"query-input\":{\"@type\":\"PropertyValueSpecification\",\"valueRequired\":true,\"valueName\":\"search_term_string\"}}],\"inLanguage\":\"es\"},{\"@type\":\"Organization\",\"@id\":\"https:\/\/nexefundacio.org\/#organization\",\"name\":\"Nexe Fundaci\u00f3\",\"url\":\"https:\/\/nexefundacio.org\/\",\"logo\":{\"@type\":\"ImageObject\",\"inLanguage\":\"es\",\"@id\":\"https:\/\/nexefundacio.org\/#\/schema\/logo\/image\/\",\"url\":\"https:\/\/nexefundacio.org\/wp-content\/uploads\/2021\/05\/Nexe-Fundacio.png\",\"contentUrl\":\"https:\/\/nexefundacio.org\/wp-content\/uploads\/2021\/05\/Nexe-Fundacio.png\",\"width\":300,\"height\":126,\"caption\":\"Nexe Fundaci\u00f3\"},\"image\":{\"@id\":\"https:\/\/nexefundacio.org\/#\/schema\/logo\/image\/\"},\"sameAs\":[\"https:\/\/www.facebook.com\/NexeFundacioPrivada\/\",\"https:\/\/x.com\/nexefundacio\",\"https:\/\/www.instagram.com\/nexefundacio\/\",\"https:\/\/www.linkedin.com\/company\/nexe-fundacio\/\",\"https:\/\/www.youtube.com\/user\/MoutePelsQuiets\"]}]}<\/script>\n<!-- \/ Yoast SEO plugin. -->","yoast_head_json":{"title":"Pol\u00edtica de privacidad - Nexe Fundaci\u00f3","robots":{"index":"index","follow":"follow","max-snippet":"max-snippet:-1","max-image-preview":"max-image-preview:large","max-video-preview":"max-video-preview:-1"},"canonical":"https:\/\/nexefundacio.org\/es\/politica-privacidad\/","og_locale":"es_ES","og_type":"article","og_title":"Pol\u00edtica de privacidad - Nexe Fundaci\u00f3","og_description":"\u00a0 RAZ\u00d3N SOCIAL NEXE FUNDACIO PRIVADA NIF G59986299 DIRECCI\u00d3N POSTAL C\/DEL ESCORIAL,169 08024, BARCELONA DIRECCI\u00d3N ELECTR\u00d3NICA ADMINISTRACIO@NEXEFUNDACIO.ORG TEL\u00c9FONOS 932846423 REGISTRO DE FUNDACIONES N\u00daM. REGISTRO: 619 FECHA: 23\/7\/1992 OBJETO PRINCIPAL Servicios para la pluridiscapacidad Protecci\u00f3n de datos De conformidad con la normativa vigente y aplicable en protecci\u00f3n de datos de car\u00e1cter personal, le informamos que sus [&hellip;]","og_url":"https:\/\/nexefundacio.org\/es\/politica-privacidad\/","og_site_name":"Nexe Fundaci\u00f3","article_publisher":"https:\/\/www.facebook.com\/NexeFundacioPrivada\/","article_modified_time":"2022-10-15T14:45:00+00:00","twitter_card":"summary_large_image","twitter_site":"@nexefundacio","twitter_misc":{"Tiempo de lectura":"7 minutos"},"schema":{"@context":"https:\/\/schema.org","@graph":[{"@type":"WebPage","@id":"https:\/\/nexefundacio.org\/es\/politica-privacidad\/","url":"https:\/\/nexefundacio.org\/es\/politica-privacidad\/","name":"Pol\u00edtica de privacidad - Nexe Fundaci\u00f3","isPartOf":{"@id":"https:\/\/nexefundacio.org\/#website"},"datePublished":"2021-04-07T10:58:45+00:00","dateModified":"2022-10-15T14:45:00+00:00","breadcrumb":{"@id":"https:\/\/nexefundacio.org\/es\/politica-privacidad\/#breadcrumb"},"inLanguage":"es","potentialAction":[{"@type":"ReadAction","target":["https:\/\/nexefundacio.org\/es\/politica-privacidad\/"]}]},{"@type":"BreadcrumbList","@id":"https:\/\/nexefundacio.org\/es\/politica-privacidad\/#breadcrumb","itemListElement":[{"@type":"ListItem","position":1,"name":"Inici","item":"https:\/\/nexefundacio.org\/es\/"},{"@type":"ListItem","position":2,"name":"Pol\u00edtica de privacidad"}]},{"@type":"WebSite","@id":"https:\/\/nexefundacio.org\/#website","url":"https:\/\/nexefundacio.org\/","name":"Nexe Fundaci\u00f3","description":"Acompa\u00f1amos la infancia con pluridiscapacidad","publisher":{"@id":"https:\/\/nexefundacio.org\/#organization"},"potentialAction":[{"@type":"SearchAction","target":{"@type":"EntryPoint","urlTemplate":"https:\/\/nexefundacio.org\/?s={search_term_string}"},"query-input":{"@type":"PropertyValueSpecification","valueRequired":true,"valueName":"search_term_string"}}],"inLanguage":"es"},{"@type":"Organization","@id":"https:\/\/nexefundacio.org\/#organization","name":"Nexe Fundaci\u00f3","url":"https:\/\/nexefundacio.org\/","logo":{"@type":"ImageObject","inLanguage":"es","@id":"https:\/\/nexefundacio.org\/#\/schema\/logo\/image\/","url":"https:\/\/nexefundacio.org\/wp-content\/uploads\/2021\/05\/Nexe-Fundacio.png","contentUrl":"https:\/\/nexefundacio.org\/wp-content\/uploads\/2021\/05\/Nexe-Fundacio.png","width":300,"height":126,"caption":"Nexe Fundaci\u00f3"},"image":{"@id":"https:\/\/nexefundacio.org\/#\/schema\/logo\/image\/"},"sameAs":["https:\/\/www.facebook.com\/NexeFundacioPrivada\/","https:\/\/x.com\/nexefundacio","https:\/\/www.instagram.com\/nexefundacio\/","https:\/\/www.linkedin.com\/company\/nexe-fundacio\/","https:\/\/www.youtube.com\/user\/MoutePelsQuiets"]}]}},"_links":{"self":[{"href":"https:\/\/nexefundacio.org\/es\/wp-json\/wp\/v2\/pages\/547837","targetHints":{"allow":["GET"]}}],"collection":[{"href":"https:\/\/nexefundacio.org\/es\/wp-json\/wp\/v2\/pages"}],"about":[{"href":"https:\/\/nexefundacio.org\/es\/wp-json\/wp\/v2\/types\/page"}],"author":[{"embeddable":true,"href":"https:\/\/nexefundacio.org\/es\/wp-json\/wp\/v2\/users\/5"}],"replies":[{"embeddable":true,"href":"https:\/\/nexefundacio.org\/es\/wp-json\/wp\/v2\/comments?post=547837"}],"version-history":[{"count":3,"href":"https:\/\/nexefundacio.org\/es\/wp-json\/wp\/v2\/pages\/547837\/revisions"}],"predecessor-version":[{"id":550315,"href":"https:\/\/nexefundacio.org\/es\/wp-json\/wp\/v2\/pages\/547837\/revisions\/550315"}],"wp:attachment":[{"href":"https:\/\/nexefundacio.org\/es\/wp-json\/wp\/v2\/media?parent=547837"}],"curies":[{"name":"wp","href":"https:\/\/api.w.org\/{rel}","templated":true}]}}