{"id":547715,"date":"2021-04-13T04:56:02","date_gmt":"2021-04-13T04:56:02","guid":{"rendered":"http:\/\/nexefundacio.org.mialias.net\/servicios\/"},"modified":"2026-03-23T09:12:36","modified_gmt":"2026-03-23T09:12:36","slug":"servicios","status":"publish","type":"page","link":"https:\/\/nexefundacio.org\/es\/servicios\/","title":{"rendered":"Servicios"},"content":{"rendered":"\t\t<div data-elementor-type=\"wp-page\" data-elementor-id=\"547715\" class=\"elementor elementor-547715 elementor-22\" data-elementor-post-type=\"page\">\n\t\t\t\t\t\t<section class=\"elementor-section elementor-top-section elementor-element elementor-element-7cdbb5e elementor-section-boxed elementor-section-height-default elementor-section-height-default\" data-id=\"7cdbb5e\" data-element_type=\"section\" data-e-type=\"section\">\n\t\t\t\t\t\t<div class=\"elementor-container elementor-column-gap-default\">\n\t\t\t\t\t<div class=\"elementor-column elementor-col-25 elementor-top-column elementor-element elementor-element-b00ef1d\" data-id=\"b00ef1d\" data-element_type=\"column\" data-e-type=\"column\">\n\t\t\t<div class=\"elementor-widget-wrap elementor-element-populated\">\n\t\t\t\t\t\t<div class=\"elementor-element elementor-element-d724543 elementor-position-top elementor-widget elementor-widget-image-box\" data-id=\"d724543\" data-element_type=\"widget\" data-e-type=\"widget\" data-widget_type=\"image-box.default\">\n\t\t\t\t<div class=\"elementor-widget-container\">\n\t\t\t\t\t<div class=\"elementor-image-box-wrapper\"><figure class=\"elementor-image-box-img\"><img fetchpriority=\"high\" decoding=\"async\" width=\"1424\" height=\"420\" src=\"https:\/\/nexefundacio.org\/wp-content\/uploads\/2021\/04\/ConeixNexe_MVV_1424x420.jpg\" class=\"attachment-full size-full wp-image-545113\" alt=\"\" srcset=\"https:\/\/nexefundacio.org\/wp-content\/uploads\/2021\/04\/ConeixNexe_MVV_1424x420.jpg 1424w, https:\/\/nexefundacio.org\/wp-content\/uploads\/2021\/04\/ConeixNexe_MVV_1424x420-600x177.jpg 600w, https:\/\/nexefundacio.org\/wp-content\/uploads\/2021\/04\/ConeixNexe_MVV_1424x420-300x88.jpg 300w, https:\/\/nexefundacio.org\/wp-content\/uploads\/2021\/04\/ConeixNexe_MVV_1424x420-1024x302.jpg 1024w, https:\/\/nexefundacio.org\/wp-content\/uploads\/2021\/04\/ConeixNexe_MVV_1424x420-768x227.jpg 768w\" sizes=\"(max-width: 1424px) 100vw, 1424px\" \/><\/figure><div class=\"elementor-image-box-content\"><h3 class=\"elementor-image-box-title\">Soporte a la infancia<\/h3><\/div><\/div>\t\t\t\t<\/div>\n\t\t\t\t<\/div>\n\t\t\t\t\t<\/div>\n\t\t<\/div>\n\t\t\t\t<div class=\"elementor-column elementor-col-25 elementor-top-column elementor-element elementor-element-e8f9891\" data-id=\"e8f9891\" data-element_type=\"column\" data-e-type=\"column\">\n\t\t\t<div class=\"elementor-widget-wrap elementor-element-populated\">\n\t\t\t\t\t\t<div class=\"elementor-element elementor-element-c9b7a5e elementor-position-top elementor-widget elementor-widget-image-box\" data-id=\"c9b7a5e\" data-element_type=\"widget\" data-e-type=\"widget\" data-widget_type=\"image-box.default\">\n\t\t\t\t<div class=\"elementor-widget-container\">\n\t\t\t\t\t<div class=\"elementor-image-box-wrapper\"><figure class=\"elementor-image-box-img\"><img decoding=\"async\" width=\"1400\" height=\"400\" src=\"https:\/\/nexefundacio.org\/wp-content\/uploads\/2021\/04\/suport-a-families.jpg\" class=\"attachment-full size-full wp-image-235\" alt=\"\" srcset=\"https:\/\/nexefundacio.org\/wp-content\/uploads\/2021\/04\/suport-a-families.jpg 1400w, https:\/\/nexefundacio.org\/wp-content\/uploads\/2021\/04\/suport-a-families-600x171.jpg 600w, https:\/\/nexefundacio.org\/wp-content\/uploads\/2021\/04\/suport-a-families-300x86.jpg 300w, https:\/\/nexefundacio.org\/wp-content\/uploads\/2021\/04\/suport-a-families-1024x293.jpg 1024w, https:\/\/nexefundacio.org\/wp-content\/uploads\/2021\/04\/suport-a-families-768x219.jpg 768w\" sizes=\"(max-width: 1400px) 100vw, 1400px\" \/><\/figure><div class=\"elementor-image-box-content\"><h3 class=\"elementor-image-box-title\">Suporte a familias<\/h3><\/div><\/div>\t\t\t\t<\/div>\n\t\t\t\t<\/div>\n\t\t\t\t\t<\/div>\n\t\t<\/div>\n\t\t\t\t<div class=\"elementor-column elementor-col-25 elementor-top-column elementor-element elementor-element-aee2691\" data-id=\"aee2691\" data-element_type=\"column\" data-e-type=\"column\">\n\t\t\t<div class=\"elementor-widget-wrap elementor-element-populated\">\n\t\t\t\t\t\t<div class=\"elementor-element elementor-element-22265c8 elementor-position-top elementor-widget elementor-widget-image-box\" data-id=\"22265c8\" data-element_type=\"widget\" data-e-type=\"widget\" data-widget_type=\"image-box.default\">\n\t\t\t\t<div class=\"elementor-widget-container\">\n\t\t\t\t\t<div class=\"elementor-image-box-wrapper\"><figure class=\"elementor-image-box-img\"><img decoding=\"async\" width=\"1400\" height=\"400\" src=\"https:\/\/nexefundacio.org\/wp-content\/uploads\/2021\/04\/Respir_Home_1400x400.jpg\" class=\"attachment-full size-full wp-image-276\" alt=\"\" srcset=\"https:\/\/nexefundacio.org\/wp-content\/uploads\/2021\/04\/Respir_Home_1400x400.jpg 1400w, https:\/\/nexefundacio.org\/wp-content\/uploads\/2021\/04\/Respir_Home_1400x400-600x171.jpg 600w, https:\/\/nexefundacio.org\/wp-content\/uploads\/2021\/04\/Respir_Home_1400x400-300x86.jpg 300w, https:\/\/nexefundacio.org\/wp-content\/uploads\/2021\/04\/Respir_Home_1400x400-1024x293.jpg 1024w, https:\/\/nexefundacio.org\/wp-content\/uploads\/2021\/04\/Respir_Home_1400x400-768x219.jpg 768w\" sizes=\"(max-width: 1400px) 100vw, 1400px\" \/><\/figure><div class=\"elementor-image-box-content\"><h3 class=\"elementor-image-box-title\">Respiro y Ocio<\/h3><\/div><\/div>\t\t\t\t<\/div>\n\t\t\t\t<\/div>\n\t\t\t\t\t<\/div>\n\t\t<\/div>\n\t\t\t\t<div class=\"elementor-column elementor-col-25 elementor-top-column elementor-element elementor-element-1aa7b12\" data-id=\"1aa7b12\" data-element_type=\"column\" data-e-type=\"column\">\n\t\t\t<div class=\"elementor-widget-wrap elementor-element-populated\">\n\t\t\t\t\t\t<div class=\"elementor-element elementor-element-41bc9ef elementor-position-top elementor-widget elementor-widget-image-box\" data-id=\"41bc9ef\" data-element_type=\"widget\" data-e-type=\"widget\" data-widget_type=\"image-box.default\">\n\t\t\t\t<div class=\"elementor-widget-container\">\n\t\t\t\t\t<div class=\"elementor-image-box-wrapper\"><figure class=\"elementor-image-box-img\"><img loading=\"lazy\" decoding=\"async\" width=\"1400\" height=\"400\" src=\"https:\/\/nexefundacio.org\/wp-content\/uploads\/2021\/04\/Banc.Recursos_Home_1400x4001.jpg\" class=\"attachment-full size-full wp-image-389\" alt=\"\" srcset=\"https:\/\/nexefundacio.org\/wp-content\/uploads\/2021\/04\/Banc.Recursos_Home_1400x4001.jpg 1400w, https:\/\/nexefundacio.org\/wp-content\/uploads\/2021\/04\/Banc.Recursos_Home_1400x4001-600x171.jpg 600w, https:\/\/nexefundacio.org\/wp-content\/uploads\/2021\/04\/Banc.Recursos_Home_1400x4001-300x86.jpg 300w, https:\/\/nexefundacio.org\/wp-content\/uploads\/2021\/04\/Banc.Recursos_Home_1400x4001-1024x293.jpg 1024w, https:\/\/nexefundacio.org\/wp-content\/uploads\/2021\/04\/Banc.Recursos_Home_1400x4001-768x219.jpg 768w\" sizes=\"(max-width: 1400px) 100vw, 1400px\" \/><\/figure><div class=\"elementor-image-box-content\"><h3 class=\"elementor-image-box-title\">Formaci\u00f3n e investigaci\u00f3n<\/h3><\/div><\/div>\t\t\t\t<\/div>\n\t\t\t\t<\/div>\n\t\t\t\t\t<\/div>\n\t\t<\/div>\n\t\t\t\t\t<\/div>\n\t\t<\/section>\n\t\t\t\t<\/div>\n\t\t","protected":false},"excerpt":{"rendered":"<p>Soporte a la infancia Suporte a familias Respiro y Ocio Formaci\u00f3n e investigaci\u00f3n<\/p>\n","protected":false},"author":5,"featured_media":0,"parent":0,"menu_order":4,"comment_status":"closed","ping_status":"closed","template":"","meta":{"footnotes":""},"class_list":["post-547715","page","type-page","status-publish","hentry"],"yoast_head":"<!-- This site is optimized with the Yoast SEO plugin v26.1.1 - https:\/\/yoast.com\/wordpress\/plugins\/seo\/ -->\n<title>Servicios - Nexe Fundaci\u00f3<\/title>\n<meta name=\"robots\" content=\"index, follow, max-snippet:-1, max-image-preview:large, max-video-preview:-1\" \/>\n<link rel=\"canonical\" href=\"https:\/\/nexefundacio.org\/serveis\/\" \/>\n<meta property=\"og:locale\" content=\"es_ES\" \/>\n<meta property=\"og:type\" content=\"article\" \/>\n<meta property=\"og:title\" content=\"Servicios - Nexe Fundaci\u00f3\" \/>\n<meta property=\"og:description\" content=\"Soporte a la infancia Suporte a familias Respiro y Ocio Formaci\u00f3n e investigaci\u00f3n\" \/>\n<meta property=\"og:url\" content=\"https:\/\/nexefundacio.org\/serveis\/\" \/>\n<meta property=\"og:site_name\" content=\"Nexe Fundaci\u00f3\" \/>\n<meta property=\"article:publisher\" content=\"https:\/\/www.facebook.com\/NexeFundacioPrivada\/\" \/>\n<meta property=\"article:modified_time\" content=\"2026-03-23T09:12:36+00:00\" \/>\n<meta property=\"og:image\" content=\"https:\/\/nexefundacio.org\/wp-content\/uploads\/2021\/04\/ConeixNexe_MVV_1424x420.jpg\" \/>\n\t<meta property=\"og:image:width\" content=\"1424\" \/>\n\t<meta property=\"og:image:height\" content=\"420\" \/>\n\t<meta property=\"og:image:type\" content=\"image\/jpeg\" \/>\n<meta name=\"twitter:card\" content=\"summary_large_image\" \/>\n<meta name=\"twitter:site\" content=\"@nexefundacio\" \/>\n<script type=\"application\/ld+json\" class=\"yoast-schema-graph\">{\"@context\":\"https:\/\/schema.org\",\"@graph\":[{\"@type\":\"WebPage\",\"@id\":\"https:\/\/nexefundacio.org\/serveis\/\",\"url\":\"https:\/\/nexefundacio.org\/serveis\/\",\"name\":\"Servicios - Nexe Fundaci\u00f3\",\"isPartOf\":{\"@id\":\"https:\/\/nexefundacio.org\/#website\"},\"primaryImageOfPage\":{\"@id\":\"https:\/\/nexefundacio.org\/serveis\/#primaryimage\"},\"image\":{\"@id\":\"https:\/\/nexefundacio.org\/serveis\/#primaryimage\"},\"thumbnailUrl\":\"https:\/\/nexefundacio.org\/wp-content\/uploads\/2021\/04\/ConeixNexe_MVV_1424x420.jpg\",\"datePublished\":\"2021-04-13T04:56:02+00:00\",\"dateModified\":\"2026-03-23T09:12:36+00:00\",\"breadcrumb\":{\"@id\":\"https:\/\/nexefundacio.org\/serveis\/#breadcrumb\"},\"inLanguage\":\"es\",\"potentialAction\":[{\"@type\":\"ReadAction\",\"target\":[\"https:\/\/nexefundacio.org\/serveis\/\"]}]},{\"@type\":\"ImageObject\",\"inLanguage\":\"es\",\"@id\":\"https:\/\/nexefundacio.org\/serveis\/#primaryimage\",\"url\":\"https:\/\/nexefundacio.org\/wp-content\/uploads\/2021\/04\/ConeixNexe_MVV_1424x420.jpg\",\"contentUrl\":\"https:\/\/nexefundacio.org\/wp-content\/uploads\/2021\/04\/ConeixNexe_MVV_1424x420.jpg\"},{\"@type\":\"BreadcrumbList\",\"@id\":\"https:\/\/nexefundacio.org\/serveis\/#breadcrumb\",\"itemListElement\":[{\"@type\":\"ListItem\",\"position\":1,\"name\":\"Inici\",\"item\":\"https:\/\/nexefundacio.org\/es\/\"},{\"@type\":\"ListItem\",\"position\":2,\"name\":\"Servicios\"}]},{\"@type\":\"WebSite\",\"@id\":\"https:\/\/nexefundacio.org\/#website\",\"url\":\"https:\/\/nexefundacio.org\/\",\"name\":\"Nexe Fundaci\u00f3\",\"description\":\"Acompa\u00f1amos la infancia con pluridiscapacidad\",\"publisher\":{\"@id\":\"https:\/\/nexefundacio.org\/#organization\"},\"potentialAction\":[{\"@type\":\"SearchAction\",\"target\":{\"@type\":\"EntryPoint\",\"urlTemplate\":\"https:\/\/nexefundacio.org\/?s={search_term_string}\"},\"query-input\":{\"@type\":\"PropertyValueSpecification\",\"valueRequired\":true,\"valueName\":\"search_term_string\"}}],\"inLanguage\":\"es\"},{\"@type\":\"Organization\",\"@id\":\"https:\/\/nexefundacio.org\/#organization\",\"name\":\"Nexe Fundaci\u00f3\",\"url\":\"https:\/\/nexefundacio.org\/\",\"logo\":{\"@type\":\"ImageObject\",\"inLanguage\":\"es\",\"@id\":\"https:\/\/nexefundacio.org\/#\/schema\/logo\/image\/\",\"url\":\"https:\/\/nexefundacio.org\/wp-content\/uploads\/2021\/05\/Nexe-Fundacio.png\",\"contentUrl\":\"https:\/\/nexefundacio.org\/wp-content\/uploads\/2021\/05\/Nexe-Fundacio.png\",\"width\":300,\"height\":126,\"caption\":\"Nexe Fundaci\u00f3\"},\"image\":{\"@id\":\"https:\/\/nexefundacio.org\/#\/schema\/logo\/image\/\"},\"sameAs\":[\"https:\/\/www.facebook.com\/NexeFundacioPrivada\/\",\"https:\/\/x.com\/nexefundacio\",\"https:\/\/www.instagram.com\/nexefundacio\/\",\"https:\/\/www.linkedin.com\/company\/nexe-fundacio\/\",\"https:\/\/www.youtube.com\/user\/MoutePelsQuiets\"]}]}<\/script>\n<!-- \/ Yoast SEO plugin. -->","yoast_head_json":{"title":"Servicios - Nexe Fundaci\u00f3","robots":{"index":"index","follow":"follow","max-snippet":"max-snippet:-1","max-image-preview":"max-image-preview:large","max-video-preview":"max-video-preview:-1"},"canonical":"https:\/\/nexefundacio.org\/serveis\/","og_locale":"es_ES","og_type":"article","og_title":"Servicios - Nexe Fundaci\u00f3","og_description":"Soporte a la infancia Suporte a familias Respiro y Ocio Formaci\u00f3n e investigaci\u00f3n","og_url":"https:\/\/nexefundacio.org\/serveis\/","og_site_name":"Nexe Fundaci\u00f3","article_publisher":"https:\/\/www.facebook.com\/NexeFundacioPrivada\/","article_modified_time":"2026-03-23T09:12:36+00:00","og_image":[{"width":1424,"height":420,"url":"https:\/\/nexefundacio.org\/wp-content\/uploads\/2021\/04\/ConeixNexe_MVV_1424x420.jpg","type":"image\/jpeg"}],"twitter_card":"summary_large_image","twitter_site":"@nexefundacio","schema":{"@context":"https:\/\/schema.org","@graph":[{"@type":"WebPage","@id":"https:\/\/nexefundacio.org\/serveis\/","url":"https:\/\/nexefundacio.org\/serveis\/","name":"Servicios - Nexe Fundaci\u00f3","isPartOf":{"@id":"https:\/\/nexefundacio.org\/#website"},"primaryImageOfPage":{"@id":"https:\/\/nexefundacio.org\/serveis\/#primaryimage"},"image":{"@id":"https:\/\/nexefundacio.org\/serveis\/#primaryimage"},"thumbnailUrl":"https:\/\/nexefundacio.org\/wp-content\/uploads\/2021\/04\/ConeixNexe_MVV_1424x420.jpg","datePublished":"2021-04-13T04:56:02+00:00","dateModified":"2026-03-23T09:12:36+00:00","breadcrumb":{"@id":"https:\/\/nexefundacio.org\/serveis\/#breadcrumb"},"inLanguage":"es","potentialAction":[{"@type":"ReadAction","target":["https:\/\/nexefundacio.org\/serveis\/"]}]},{"@type":"ImageObject","inLanguage":"es","@id":"https:\/\/nexefundacio.org\/serveis\/#primaryimage","url":"https:\/\/nexefundacio.org\/wp-content\/uploads\/2021\/04\/ConeixNexe_MVV_1424x420.jpg","contentUrl":"https:\/\/nexefundacio.org\/wp-content\/uploads\/2021\/04\/ConeixNexe_MVV_1424x420.jpg"},{"@type":"BreadcrumbList","@id":"https:\/\/nexefundacio.org\/serveis\/#breadcrumb","itemListElement":[{"@type":"ListItem","position":1,"name":"Inici","item":"https:\/\/nexefundacio.org\/es\/"},{"@type":"ListItem","position":2,"name":"Servicios"}]},{"@type":"WebSite","@id":"https:\/\/nexefundacio.org\/#website","url":"https:\/\/nexefundacio.org\/","name":"Nexe Fundaci\u00f3","description":"Acompa\u00f1amos la infancia con pluridiscapacidad","publisher":{"@id":"https:\/\/nexefundacio.org\/#organization"},"potentialAction":[{"@type":"SearchAction","target":{"@type":"EntryPoint","urlTemplate":"https:\/\/nexefundacio.org\/?s={search_term_string}"},"query-input":{"@type":"PropertyValueSpecification","valueRequired":true,"valueName":"search_term_string"}}],"inLanguage":"es"},{"@type":"Organization","@id":"https:\/\/nexefundacio.org\/#organization","name":"Nexe Fundaci\u00f3","url":"https:\/\/nexefundacio.org\/","logo":{"@type":"ImageObject","inLanguage":"es","@id":"https:\/\/nexefundacio.org\/#\/schema\/logo\/image\/","url":"https:\/\/nexefundacio.org\/wp-content\/uploads\/2021\/05\/Nexe-Fundacio.png","contentUrl":"https:\/\/nexefundacio.org\/wp-content\/uploads\/2021\/05\/Nexe-Fundacio.png","width":300,"height":126,"caption":"Nexe Fundaci\u00f3"},"image":{"@id":"https:\/\/nexefundacio.org\/#\/schema\/logo\/image\/"},"sameAs":["https:\/\/www.facebook.com\/NexeFundacioPrivada\/","https:\/\/x.com\/nexefundacio","https:\/\/www.instagram.com\/nexefundacio\/","https:\/\/www.linkedin.com\/company\/nexe-fundacio\/","https:\/\/www.youtube.com\/user\/MoutePelsQuiets"]}]}},"_links":{"self":[{"href":"https:\/\/nexefundacio.org\/es\/wp-json\/wp\/v2\/pages\/547715","targetHints":{"allow":["GET"]}}],"collection":[{"href":"https:\/\/nexefundacio.org\/es\/wp-json\/wp\/v2\/pages"}],"about":[{"href":"https:\/\/nexefundacio.org\/es\/wp-json\/wp\/v2\/types\/page"}],"author":[{"embeddable":true,"href":"https:\/\/nexefundacio.org\/es\/wp-json\/wp\/v2\/users\/5"}],"replies":[{"embeddable":true,"href":"https:\/\/nexefundacio.org\/es\/wp-json\/wp\/v2\/comments?post=547715"}],"version-history":[{"count":3,"href":"https:\/\/nexefundacio.org\/es\/wp-json\/wp\/v2\/pages\/547715\/revisions"}],"predecessor-version":[{"id":553629,"href":"https:\/\/nexefundacio.org\/es\/wp-json\/wp\/v2\/pages\/547715\/revisions\/553629"}],"wp:attachment":[{"href":"https:\/\/nexefundacio.org\/es\/wp-json\/wp\/v2\/media?parent=547715"}],"curies":[{"name":"wp","href":"https:\/\/api.w.org\/{rel}","templated":true}]}}