{"id":547711,"date":"2021-04-13T04:55:26","date_gmt":"2021-04-13T04:55:26","guid":{"rendered":"http:\/\/nexefundacio.org.mialias.net\/fundacion\/reconocimientos\/"},"modified":"2022-10-18T13:45:36","modified_gmt":"2022-10-18T13:45:36","slug":"reconocimientos","status":"publish","type":"page","link":"https:\/\/nexefundacio.org\/es\/fundacion\/reconocimientos\/","title":{"rendered":"Reconocimientos"},"content":{"rendered":"\t\t<div data-elementor-type=\"wp-page\" data-elementor-id=\"547711\" class=\"elementor elementor-547711 elementor-20\" data-elementor-post-type=\"page\">\n\t\t\t\t\t\t<section class=\"elementor-section elementor-top-section elementor-element elementor-element-3b2fac5e elementor-section-full_width elementor-section-height-default elementor-section-height-default\" data-id=\"3b2fac5e\" data-element_type=\"section\" data-e-type=\"section\">\n\t\t\t\t\t\t<div class=\"elementor-container elementor-column-gap-default\">\n\t\t\t\t\t<div class=\"elementor-column elementor-col-100 elementor-top-column elementor-element elementor-element-58d5f346\" data-id=\"58d5f346\" data-element_type=\"column\" data-e-type=\"column\">\n\t\t\t<div class=\"elementor-widget-wrap elementor-element-populated\">\n\t\t\t\t\t\t<div class=\"elementor-element elementor-element-3638d563 elementor--h-position-center elementor--v-position-middle elementor-arrows-position-inside elementor-pagination-position-inside elementor-widget elementor-widget-slides\" data-id=\"3638d563\" data-element_type=\"widget\" data-e-type=\"widget\" data-settings=\"{&quot;navigation&quot;:&quot;both&quot;,&quot;autoplay&quot;:&quot;yes&quot;,&quot;pause_on_hover&quot;:&quot;yes&quot;,&quot;pause_on_interaction&quot;:&quot;yes&quot;,&quot;autoplay_speed&quot;:5000,&quot;infinite&quot;:&quot;yes&quot;,&quot;transition&quot;:&quot;slide&quot;,&quot;transition_speed&quot;:500}\" data-widget_type=\"slides.default\">\n\t\t\t\t<div class=\"elementor-widget-container\">\n\t\t\t\t\t\t\t\t\t<div class=\"elementor-swiper\">\n\t\t\t\t\t<div class=\"elementor-slides-wrapper elementor-main-swiper swiper\" role=\"region\" aria-roledescription=\"carousel\" aria-label=\"Diapositivas\" dir=\"ltr\" data-animation=\"fadeInUp\">\n\t\t\t\t<div class=\"swiper-wrapper elementor-slides\">\n\t\t\t\t\t\t\t\t\t\t<div class=\"elementor-repeater-item-f454ca4 swiper-slide\" role=\"group\" aria-roledescription=\"slide\"><div class=\"swiper-slide-bg elementor-ken-burns elementor-ken-burns--in\" role=\"img\"><\/div><div class=\"elementor-background-overlay\"><\/div><div class=\"swiper-slide-inner\" ><div class=\"swiper-slide-contents\"><div class=\"elementor-slide-heading\">Trayectoria y reconocimientos<\/div><\/div><\/div><\/div>\t\t\t\t<\/div>\n\t\t\t\t\t\t\t<\/div>\n\t\t\t\t<\/div>\n\t\t\t\t\t\t\t\t<\/div>\n\t\t\t\t<\/div>\n\t\t\t\t\t<\/div>\n\t\t<\/div>\n\t\t\t\t\t<\/div>\n\t\t<\/section>\n\t\t\t\t<section class=\"elementor-section elementor-top-section elementor-element elementor-element-d7c7523 elementor-section-boxed elementor-section-height-default elementor-section-height-default\" data-id=\"d7c7523\" data-element_type=\"section\" data-e-type=\"section\" data-settings=\"{&quot;shape_divider_top&quot;:&quot;wave-brush&quot;,&quot;shape_divider_bottom&quot;:&quot;wave-brush&quot;}\">\n\t\t\t\t\t\t\t<div class=\"elementor-background-overlay\"><\/div>\n\t\t\t\t\t\t<div class=\"elementor-shape elementor-shape-top\" aria-hidden=\"true\" data-negative=\"false\">\n\t\t\t<svg xmlns=\"http:\/\/www.w3.org\/2000\/svg\" viewBox=\"0 0 283.5 27.8\" preserveAspectRatio=\"none\">\n\t<path class=\"elementor-shape-fill\" d=\"M283.5,9.7c0,0-7.3,4.3-14,4.6c-6.8,0.3-12.6,0-20.9-1.5c-11.3-2-33.1-10.1-44.7-5.7\ts-12.1,4.6-18,7.4c-6.6,3.2-20,9.6-36.6,9.3C131.6,23.5,99.5,7.2,86.3,8c-1.4,0.1-6.6,0.8-10.5,2c-3.8,1.2-9.4,3.8-17,4.7\tc-3.2,0.4-8.3,1.1-14.2,0.9c-1.5-0.1-6.3-0.4-12-1.6c-5.7-1.2-11-3.1-15.8-3.7C6.5,9.2,0,10.8,0,10.8V0h283.5V9.7z M260.8,11.3\tc-0.7-1-2-0.4-4.3-0.4c-2.3,0-6.1-1.2-5.8-1.1c0.3,0.1,3.1,1.5,6,1.9C259.7,12.2,261.4,12.3,260.8,11.3z M242.4,8.6\tc0,0-2.4-0.2-5.6-0.9c-3.2-0.8-10.3-2.8-15.1-3.5c-8.2-1.1-15.8,0-15.1,0.1c0.8,0.1,9.6-0.6,17.6,1.1c3.3,0.7,9.3,2.2,12.4,2.7\tC239.9,8.7,242.4,8.6,242.4,8.6z M185.2,8.5c1.7-0.7-13.3,4.7-18.5,6.1c-2.1,0.6-6.2,1.6-10,2c-3.9,0.4-8.9,0.4-8.8,0.5\tc0,0.2,5.8,0.8,11.2,0c5.4-0.8,5.2-1.1,7.6-1.6C170.5,14.7,183.5,9.2,185.2,8.5z M199.1,6.9c0.2,0-0.8-0.4-4.8,1.1\tc-4,1.5-6.7,3.5-6.9,3.7c-0.2,0.1,3.5-1.8,6.6-3C197,7.5,199,6.9,199.1,6.9z M283,6c-0.1,0.1-1.9,1.1-4.8,2.5s-6.9,2.8-6.7,2.7\tc0.2,0,3.5-0.6,7.4-2.5C282.8,6.8,283.1,5.9,283,6z M31.3,11.6c0.1-0.2-1.9-0.2-4.5-1.2s-5.4-1.6-7.8-2C15,7.6,7.3,8.5,7.7,8.6\tC8,8.7,15.9,8.3,20.2,9.3c2.2,0.5,2.4,0.5,5.7,1.6S31.2,11.9,31.3,11.6z M73,9.2c0.4-0.1,3.5-1.6,8.4-2.6c4.9-1.1,8.9-0.5,8.9-0.8\tc0-0.3-1-0.9-6.2-0.3S72.6,9.3,73,9.2z M71.6,6.7C71.8,6.8,75,5.4,77.3,5c2.3-0.3,1.9-0.5,1.9-0.6c0-0.1-1.1-0.2-2.7,0.2\tC74.8,5.1,71.4,6.6,71.6,6.7z M93.6,4.4c0.1,0.2,3.5,0.8,5.6,1.8c2.1,1,1.8,0.6,1.9,0.5c0.1-0.1-0.8-0.8-2.4-1.3\tC97.1,4.8,93.5,4.2,93.6,4.4z M65.4,11.1c-0.1,0.3,0.3,0.5,1.9-0.2s2.6-1.3,2.2-1.2s-0.9,0.4-2.5,0.8C65.3,10.9,65.5,10.8,65.4,11.1\tz M34.5,12.4c-0.2,0,2.1,0.8,3.3,0.9c1.2,0.1,2,0.1,2-0.2c0-0.3-0.1-0.5-1.6-0.4C36.6,12.8,34.7,12.4,34.5,12.4z M152.2,21.1\tc-0.1,0.1-2.4-0.3-7.5-0.3c-5,0-13.6-2.4-17.2-3.5c-3.6-1.1,10,3.9,16.5,4.1C150.5,21.6,152.3,21,152.2,21.1z\"\/>\n\t<path class=\"elementor-shape-fill\" d=\"M269.6,18c-0.1-0.1-4.6,0.3-7.2,0c-7.3-0.7-17-3.2-16.6-2.9c0.4,0.3,13.7,3.1,17,3.3\tC267.7,18.8,269.7,18,269.6,18z\"\/>\n\t<path class=\"elementor-shape-fill\" d=\"M227.4,9.8c-0.2-0.1-4.5-1-9.5-1.2c-5-0.2-12.7,0.6-12.3,0.5c0.3-0.1,5.9-1.8,13.3-1.2\tS227.6,9.9,227.4,9.8z\"\/>\n\t<path class=\"elementor-shape-fill\" d=\"M204.5,13.4c-0.1-0.1,2-1,3.2-1.1c1.2-0.1,2,0,2,0.3c0,0.3-0.1,0.5-1.6,0.4\tC206.4,12.9,204.6,13.5,204.5,13.4z\"\/>\n\t<path class=\"elementor-shape-fill\" d=\"M201,10.6c0-0.1-4.4,1.2-6.3,2.2c-1.9,0.9-6.2,3.1-6.1,3.1c0.1,0.1,4.2-1.6,6.3-2.6\tS201,10.7,201,10.6z\"\/>\n\t<path class=\"elementor-shape-fill\" d=\"M154.5,26.7c-0.1-0.1-4.6,0.3-7.2,0c-7.3-0.7-17-3.2-16.6-2.9c0.4,0.3,13.7,3.1,17,3.3\tC152.6,27.5,154.6,26.8,154.5,26.7z\"\/>\n\t<path class=\"elementor-shape-fill\" d=\"M41.9,19.3c0,0,1.2-0.3,2.9-0.1c1.7,0.2,5.8,0.9,8.2,0.7c4.2-0.4,7.4-2.7,7-2.6\tc-0.4,0-4.3,2.2-8.6,1.9c-1.8-0.1-5.1-0.5-6.7-0.4S41.9,19.3,41.9,19.3z\"\/>\n\t<path class=\"elementor-shape-fill\" d=\"M75.5,12.6c0.2,0.1,2-0.8,4.3-1.1c2.3-0.2,2.1-0.3,2.1-0.5c0-0.1-1.8-0.4-3.4,0\tC76.9,11.5,75.3,12.5,75.5,12.6z\"\/>\n\t<path class=\"elementor-shape-fill\" d=\"M15.6,13.2c0-0.1,4.3,0,6.7,0.5c2.4,0.5,5,1.9,5,2c0,0.1-2.7-0.8-5.1-1.4\tC19.9,13.7,15.7,13.3,15.6,13.2z\"\/>\n<\/svg>\t\t<\/div>\n\t\t\t\t<div class=\"elementor-shape elementor-shape-bottom\" aria-hidden=\"true\" data-negative=\"false\">\n\t\t\t<svg xmlns=\"http:\/\/www.w3.org\/2000\/svg\" viewBox=\"0 0 283.5 27.8\" preserveAspectRatio=\"none\">\n\t<path class=\"elementor-shape-fill\" d=\"M283.5,9.7c0,0-7.3,4.3-14,4.6c-6.8,0.3-12.6,0-20.9-1.5c-11.3-2-33.1-10.1-44.7-5.7\ts-12.1,4.6-18,7.4c-6.6,3.2-20,9.6-36.6,9.3C131.6,23.5,99.5,7.2,86.3,8c-1.4,0.1-6.6,0.8-10.5,2c-3.8,1.2-9.4,3.8-17,4.7\tc-3.2,0.4-8.3,1.1-14.2,0.9c-1.5-0.1-6.3-0.4-12-1.6c-5.7-1.2-11-3.1-15.8-3.7C6.5,9.2,0,10.8,0,10.8V0h283.5V9.7z M260.8,11.3\tc-0.7-1-2-0.4-4.3-0.4c-2.3,0-6.1-1.2-5.8-1.1c0.3,0.1,3.1,1.5,6,1.9C259.7,12.2,261.4,12.3,260.8,11.3z M242.4,8.6\tc0,0-2.4-0.2-5.6-0.9c-3.2-0.8-10.3-2.8-15.1-3.5c-8.2-1.1-15.8,0-15.1,0.1c0.8,0.1,9.6-0.6,17.6,1.1c3.3,0.7,9.3,2.2,12.4,2.7\tC239.9,8.7,242.4,8.6,242.4,8.6z M185.2,8.5c1.7-0.7-13.3,4.7-18.5,6.1c-2.1,0.6-6.2,1.6-10,2c-3.9,0.4-8.9,0.4-8.8,0.5\tc0,0.2,5.8,0.8,11.2,0c5.4-0.8,5.2-1.1,7.6-1.6C170.5,14.7,183.5,9.2,185.2,8.5z M199.1,6.9c0.2,0-0.8-0.4-4.8,1.1\tc-4,1.5-6.7,3.5-6.9,3.7c-0.2,0.1,3.5-1.8,6.6-3C197,7.5,199,6.9,199.1,6.9z M283,6c-0.1,0.1-1.9,1.1-4.8,2.5s-6.9,2.8-6.7,2.7\tc0.2,0,3.5-0.6,7.4-2.5C282.8,6.8,283.1,5.9,283,6z M31.3,11.6c0.1-0.2-1.9-0.2-4.5-1.2s-5.4-1.6-7.8-2C15,7.6,7.3,8.5,7.7,8.6\tC8,8.7,15.9,8.3,20.2,9.3c2.2,0.5,2.4,0.5,5.7,1.6S31.2,11.9,31.3,11.6z M73,9.2c0.4-0.1,3.5-1.6,8.4-2.6c4.9-1.1,8.9-0.5,8.9-0.8\tc0-0.3-1-0.9-6.2-0.3S72.6,9.3,73,9.2z M71.6,6.7C71.8,6.8,75,5.4,77.3,5c2.3-0.3,1.9-0.5,1.9-0.6c0-0.1-1.1-0.2-2.7,0.2\tC74.8,5.1,71.4,6.6,71.6,6.7z M93.6,4.4c0.1,0.2,3.5,0.8,5.6,1.8c2.1,1,1.8,0.6,1.9,0.5c0.1-0.1-0.8-0.8-2.4-1.3\tC97.1,4.8,93.5,4.2,93.6,4.4z M65.4,11.1c-0.1,0.3,0.3,0.5,1.9-0.2s2.6-1.3,2.2-1.2s-0.9,0.4-2.5,0.8C65.3,10.9,65.5,10.8,65.4,11.1\tz M34.5,12.4c-0.2,0,2.1,0.8,3.3,0.9c1.2,0.1,2,0.1,2-0.2c0-0.3-0.1-0.5-1.6-0.4C36.6,12.8,34.7,12.4,34.5,12.4z M152.2,21.1\tc-0.1,0.1-2.4-0.3-7.5-0.3c-5,0-13.6-2.4-17.2-3.5c-3.6-1.1,10,3.9,16.5,4.1C150.5,21.6,152.3,21,152.2,21.1z\"\/>\n\t<path class=\"elementor-shape-fill\" d=\"M269.6,18c-0.1-0.1-4.6,0.3-7.2,0c-7.3-0.7-17-3.2-16.6-2.9c0.4,0.3,13.7,3.1,17,3.3\tC267.7,18.8,269.7,18,269.6,18z\"\/>\n\t<path class=\"elementor-shape-fill\" d=\"M227.4,9.8c-0.2-0.1-4.5-1-9.5-1.2c-5-0.2-12.7,0.6-12.3,0.5c0.3-0.1,5.9-1.8,13.3-1.2\tS227.6,9.9,227.4,9.8z\"\/>\n\t<path class=\"elementor-shape-fill\" d=\"M204.5,13.4c-0.1-0.1,2-1,3.2-1.1c1.2-0.1,2,0,2,0.3c0,0.3-0.1,0.5-1.6,0.4\tC206.4,12.9,204.6,13.5,204.5,13.4z\"\/>\n\t<path class=\"elementor-shape-fill\" d=\"M201,10.6c0-0.1-4.4,1.2-6.3,2.2c-1.9,0.9-6.2,3.1-6.1,3.1c0.1,0.1,4.2-1.6,6.3-2.6\tS201,10.7,201,10.6z\"\/>\n\t<path class=\"elementor-shape-fill\" d=\"M154.5,26.7c-0.1-0.1-4.6,0.3-7.2,0c-7.3-0.7-17-3.2-16.6-2.9c0.4,0.3,13.7,3.1,17,3.3\tC152.6,27.5,154.6,26.8,154.5,26.7z\"\/>\n\t<path class=\"elementor-shape-fill\" d=\"M41.9,19.3c0,0,1.2-0.3,2.9-0.1c1.7,0.2,5.8,0.9,8.2,0.7c4.2-0.4,7.4-2.7,7-2.6\tc-0.4,0-4.3,2.2-8.6,1.9c-1.8-0.1-5.1-0.5-6.7-0.4S41.9,19.3,41.9,19.3z\"\/>\n\t<path class=\"elementor-shape-fill\" d=\"M75.5,12.6c0.2,0.1,2-0.8,4.3-1.1c2.3-0.2,2.1-0.3,2.1-0.5c0-0.1-1.8-0.4-3.4,0\tC76.9,11.5,75.3,12.5,75.5,12.6z\"\/>\n\t<path class=\"elementor-shape-fill\" d=\"M15.6,13.2c0-0.1,4.3,0,6.7,0.5c2.4,0.5,5,1.9,5,2c0,0.1-2.7-0.8-5.1-1.4\tC19.9,13.7,15.7,13.3,15.6,13.2z\"\/>\n<\/svg>\t\t<\/div>\n\t\t\t\t\t<div class=\"elementor-container elementor-column-gap-default\">\n\t\t\t\t\t<div class=\"elementor-column elementor-col-100 elementor-top-column elementor-element elementor-element-5de97ed\" data-id=\"5de97ed\" data-element_type=\"column\" data-e-type=\"column\">\n\t\t\t<div class=\"elementor-widget-wrap elementor-element-populated\">\n\t\t\t\t\t\t<div class=\"elementor-element elementor-element-6dbc476d elementor-widget elementor-widget-text-editor\" data-id=\"6dbc476d\" data-element_type=\"widget\" data-e-type=\"widget\" data-widget_type=\"text-editor.default\">\n\t\t\t\t<div class=\"elementor-widget-container\">\n\t\t\t\t\t\t\t\t\t<ul>\n<li style=\"list-style-type: none;\">\n<ul>\n<li>1981. Un equipo de psic\u00f3logos y pedagogos, con C\u00e9cile de Visscher, presidenta actual de Nexe Fundaci\u00f3n, crea en Barcelona uno de los primeros centros de atenci\u00f3n temprana en Catalu\u00f1a.<\/li>\n<li>En este marco nace el <strong>primer Centro de Atenci\u00f3n Especializada para ni\u00f1os con graves discapacidades <\/strong>.<\/li>\n<li>1991. El mismo equipo constituye <strong>Nexe Fundaci\u00f3, <\/strong>inscrita en el registro de Fundaciones de la Generalitat de Catalu\u00f1a con el n.\u00ba 619, para ampliar las intervenciones y mejorar la calidad de la atenci\u00f3n.<\/li>\n<li>2000. Se crea el programa \u00ab<strong>Temps de Respir<\/strong>\u00bb para familias de ni\u00f1os y ni\u00f1as con pluridiscapacidad.<\/li>\n<li>2004. Se inaugura la <strong>nueva sede<\/strong>, totalmente adaptada con un equipo y unos servicios pioneros (sala multisensorial, ba\u00f1era de hidromasaje, entre otros).<\/li>\n<li>2005. Nexe Fundaci\u00f3 recibe la <strong>Medalla de Honor de la Ciudad de Barcelona<\/strong>, en reconocimiento a la tarea realizada para mejorar la calidad de vida de los ni\u00f1os con graves discapacidades y sus familias.<\/li>\n<li>2006. Se publica el <strong>libro <\/strong><strong>La persona con pluridiscapacidad: necesidades e intervenci\u00f3n<\/strong>, fruto del proyecto europeo EUFORPOLY que Nexe coordin\u00f3 Por otro lado, un grupo de padres y madres de ni\u00f1os con pluridiscapacidad y profesionales de Nexe Fundaci\u00f3 crean <strong style=\"background-color: transparent;\">l\u2019Associaci\u00f3 Jo Existeixo.<\/strong><\/li>\n<li>2009. <strong>Reconocimiento<\/strong> por parte de la Fundaci\u00f3n Agrupaci\u00f3n Espa\u00f1ola de Fomento Europeo a la tarea de Nexe Fundaci\u00f3 en defensa de los valores necesarios para construir una Europa en paz. Adem\u00e1s, es el a\u00f1o donde se publica <strong>el cuento de la Mimi. <\/strong>Este mismo a\u00f1o nace la plataforma de sensibilizaci\u00f3n y captaci\u00f3n de fondo <strong style=\"background-color: transparent;\">Mou-te pels Quiets<\/strong><span style=\"background-color: transparent;\">, de la mano de M\u00e0rius Serra, escritor i padre de un ni\u00f1o con par\u00e1lisis cerebral atendido en Nexe Fundaci\u00f3 Actualmente, M\u00e0rius Serra es patr\u00f3n de la Fundaci\u00f3n.<\/span><\/li>\n<li>2011. Creaci\u00f3n del <strong>Centro de Recursos para la pluridiscapacidad<\/strong>. El mismo a\u00f1o, concesi\u00f3n del <strong style=\"background-color: transparent;\">Premi Vila de Gr\u00e0cia <\/strong><span style=\"background-color: transparent;\">(Barcelona) a Nexe Fundaci\u00f3, por ser \u00abla mejor iniciativa educativa del sistema educativo oficial i libre\u00bb.<\/span><\/li>\n<li>2013. Otorgamiento del <strong>Premi a l\u2019Excel\u00b7l\u00e8ncia en la Depend\u00e8ncia<\/strong> por parte de la Fundaci\u00f3n CASER y <strong>Premio a la aportaci\u00f3n profesional en la atenci\u00f3n global al ni\u00f1o con pluridiscapacidad y a sus familias <\/strong>,otorgado por FEDER, la Fundaci\u00f3n Doctor Robert UAB y la Federaci\u00f3n Catalana de Enfermedades Minoritarias, en el d\u00eda Mundial de las Enfermedades Minoritarias.<\/li>\n<li>2015. Recibimos el <strong>Primer Premio del Comit\u00e8 cient\u00edfico del VIII Encuentro Internacional<\/strong> sobre Tecnolog\u00edas Libres, Dise\u00f1o Abierto y Adaptaciones elaboradas miedo usuarios, por la creaci\u00f3n de la \u201cSilla Exploradora Inteligente\u201dAdem\u00e1s, la C\u00e9cile de Visscher recibe el <strong>Pin d&#8217;Or<\/strong> del Colegio Oficial de Psic\u00f3logos de Catalu\u00f1a.<\/li>\n<li>2016. La C\u00e9cile de Vischer recibe el <strong>Premio Christoffel Planten 2015<\/strong> de la Embajada belga en reconocimiento de su tarea con los ni\u00f1os con pluridiscapacidad en Catalu\u00f1a.<\/li>\n<li>2019. Recibimos el <strong>Premio B\u00f3boli Suma <\/strong><\/li>\n<\/ul>\n<\/li>\n<\/ul>\n\t\t\t\t\t\t\t\t<\/div>\n\t\t\t\t<\/div>\n\t\t\t\t\t<\/div>\n\t\t<\/div>\n\t\t\t\t\t<\/div>\n\t\t<\/section>\n\t\t\t\t<\/div>\n\t\t","protected":false},"excerpt":{"rendered":"<p>Trayectoria y reconocimientos 1981. Un equipo de psic\u00f3logos y pedagogos, con C\u00e9cile de Visscher, presidenta actual de Nexe Fundaci\u00f3n, crea en Barcelona uno de los primeros centros de atenci\u00f3n temprana en Catalu\u00f1a. En este marco nace el primer Centro de Atenci\u00f3n Especializada para ni\u00f1os con graves discapacidades . 1991. El mismo equipo constituye Nexe Fundaci\u00f3, [&hellip;]<\/p>\n","protected":false},"author":5,"featured_media":0,"parent":547683,"menu_order":4,"comment_status":"closed","ping_status":"closed","template":"","meta":{"footnotes":""},"class_list":["post-547711","page","type-page","status-publish","hentry"],"yoast_head":"<!-- This site is optimized with the Yoast SEO plugin v26.1.1 - https:\/\/yoast.com\/wordpress\/plugins\/seo\/ -->\n<title>Reconocimientos - Nexe Fundaci\u00f3<\/title>\n<meta name=\"description\" content=\"En 1981 un equipo de psic\u00f3logos y pedagogos crea uno de los primeros centros de atenci\u00f3n precoz en Catalu\u00f1a que en 1991 se convierte en Nexe Fundaci\u00f3.\" \/>\n<meta name=\"robots\" content=\"index, follow, max-snippet:-1, max-image-preview:large, max-video-preview:-1\" \/>\n<link rel=\"canonical\" href=\"https:\/\/nexefundacio.org\/sobre-nexe\/reconeixements\/\" \/>\n<meta property=\"og:locale\" content=\"es_ES\" \/>\n<meta property=\"og:type\" content=\"article\" \/>\n<meta property=\"og:title\" content=\"Reconocimientos - Nexe Fundaci\u00f3\" \/>\n<meta property=\"og:description\" content=\"En 1981 un equipo de psic\u00f3logos y pedagogos crea uno de los primeros centros de atenci\u00f3n precoz en Catalu\u00f1a que en 1991 se convierte en Nexe Fundaci\u00f3.\" \/>\n<meta property=\"og:url\" content=\"https:\/\/nexefundacio.org\/sobre-nexe\/reconeixements\/\" \/>\n<meta property=\"og:site_name\" content=\"Nexe Fundaci\u00f3\" \/>\n<meta property=\"article:publisher\" content=\"https:\/\/www.facebook.com\/NexeFundacioPrivada\/\" \/>\n<meta property=\"article:modified_time\" content=\"2022-10-18T13:45:36+00:00\" \/>\n<meta name=\"twitter:card\" content=\"summary_large_image\" \/>\n<meta name=\"twitter:site\" content=\"@nexefundacio\" \/>\n<meta name=\"twitter:label1\" content=\"Tiempo de lectura\" \/>\n\t<meta name=\"twitter:data1\" content=\"2 minutos\" \/>\n<script type=\"application\/ld+json\" class=\"yoast-schema-graph\">{\"@context\":\"https:\/\/schema.org\",\"@graph\":[{\"@type\":\"WebPage\",\"@id\":\"https:\/\/nexefundacio.org\/sobre-nexe\/reconeixements\/\",\"url\":\"https:\/\/nexefundacio.org\/sobre-nexe\/reconeixements\/\",\"name\":\"Reconocimientos - Nexe Fundaci\u00f3\",\"isPartOf\":{\"@id\":\"https:\/\/nexefundacio.org\/#website\"},\"datePublished\":\"2021-04-13T04:55:26+00:00\",\"dateModified\":\"2022-10-18T13:45:36+00:00\",\"description\":\"En 1981 un equipo de psic\u00f3logos y pedagogos crea uno de los primeros centros de atenci\u00f3n precoz en Catalu\u00f1a que en 1991 se convierte en Nexe Fundaci\u00f3.\",\"breadcrumb\":{\"@id\":\"https:\/\/nexefundacio.org\/sobre-nexe\/reconeixements\/#breadcrumb\"},\"inLanguage\":\"es\",\"potentialAction\":[{\"@type\":\"ReadAction\",\"target\":[\"https:\/\/nexefundacio.org\/sobre-nexe\/reconeixements\/\"]}]},{\"@type\":\"BreadcrumbList\",\"@id\":\"https:\/\/nexefundacio.org\/sobre-nexe\/reconeixements\/#breadcrumb\",\"itemListElement\":[{\"@type\":\"ListItem\",\"position\":1,\"name\":\"Inici\",\"item\":\"https:\/\/nexefundacio.org\/es\/\"},{\"@type\":\"ListItem\",\"position\":2,\"name\":\"Fundaci\u00f3n\",\"item\":\"https:\/\/nexefundacio.org\/es\/fundacion\/\"},{\"@type\":\"ListItem\",\"position\":3,\"name\":\"Reconocimientos\"}]},{\"@type\":\"WebSite\",\"@id\":\"https:\/\/nexefundacio.org\/#website\",\"url\":\"https:\/\/nexefundacio.org\/\",\"name\":\"Nexe Fundaci\u00f3\",\"description\":\"Acompa\u00f1amos la infancia con pluridiscapacidad\",\"publisher\":{\"@id\":\"https:\/\/nexefundacio.org\/#organization\"},\"potentialAction\":[{\"@type\":\"SearchAction\",\"target\":{\"@type\":\"EntryPoint\",\"urlTemplate\":\"https:\/\/nexefundacio.org\/?s={search_term_string}\"},\"query-input\":{\"@type\":\"PropertyValueSpecification\",\"valueRequired\":true,\"valueName\":\"search_term_string\"}}],\"inLanguage\":\"es\"},{\"@type\":\"Organization\",\"@id\":\"https:\/\/nexefundacio.org\/#organization\",\"name\":\"Nexe Fundaci\u00f3\",\"url\":\"https:\/\/nexefundacio.org\/\",\"logo\":{\"@type\":\"ImageObject\",\"inLanguage\":\"es\",\"@id\":\"https:\/\/nexefundacio.org\/#\/schema\/logo\/image\/\",\"url\":\"https:\/\/nexefundacio.org\/wp-content\/uploads\/2021\/05\/Nexe-Fundacio.png\",\"contentUrl\":\"https:\/\/nexefundacio.org\/wp-content\/uploads\/2021\/05\/Nexe-Fundacio.png\",\"width\":300,\"height\":126,\"caption\":\"Nexe Fundaci\u00f3\"},\"image\":{\"@id\":\"https:\/\/nexefundacio.org\/#\/schema\/logo\/image\/\"},\"sameAs\":[\"https:\/\/www.facebook.com\/NexeFundacioPrivada\/\",\"https:\/\/x.com\/nexefundacio\",\"https:\/\/www.instagram.com\/nexefundacio\/\",\"https:\/\/www.linkedin.com\/company\/nexe-fundacio\/\",\"https:\/\/www.youtube.com\/user\/MoutePelsQuiets\"]}]}<\/script>\n<!-- \/ Yoast SEO plugin. -->","yoast_head_json":{"title":"Reconocimientos - Nexe Fundaci\u00f3","description":"En 1981 un equipo de psic\u00f3logos y pedagogos crea uno de los primeros centros de atenci\u00f3n precoz en Catalu\u00f1a que en 1991 se convierte en Nexe Fundaci\u00f3.","robots":{"index":"index","follow":"follow","max-snippet":"max-snippet:-1","max-image-preview":"max-image-preview:large","max-video-preview":"max-video-preview:-1"},"canonical":"https:\/\/nexefundacio.org\/sobre-nexe\/reconeixements\/","og_locale":"es_ES","og_type":"article","og_title":"Reconocimientos - Nexe Fundaci\u00f3","og_description":"En 1981 un equipo de psic\u00f3logos y pedagogos crea uno de los primeros centros de atenci\u00f3n precoz en Catalu\u00f1a que en 1991 se convierte en Nexe Fundaci\u00f3.","og_url":"https:\/\/nexefundacio.org\/sobre-nexe\/reconeixements\/","og_site_name":"Nexe Fundaci\u00f3","article_publisher":"https:\/\/www.facebook.com\/NexeFundacioPrivada\/","article_modified_time":"2022-10-18T13:45:36+00:00","twitter_card":"summary_large_image","twitter_site":"@nexefundacio","twitter_misc":{"Tiempo de lectura":"2 minutos"},"schema":{"@context":"https:\/\/schema.org","@graph":[{"@type":"WebPage","@id":"https:\/\/nexefundacio.org\/sobre-nexe\/reconeixements\/","url":"https:\/\/nexefundacio.org\/sobre-nexe\/reconeixements\/","name":"Reconocimientos - Nexe Fundaci\u00f3","isPartOf":{"@id":"https:\/\/nexefundacio.org\/#website"},"datePublished":"2021-04-13T04:55:26+00:00","dateModified":"2022-10-18T13:45:36+00:00","description":"En 1981 un equipo de psic\u00f3logos y pedagogos crea uno de los primeros centros de atenci\u00f3n precoz en Catalu\u00f1a que en 1991 se convierte en Nexe Fundaci\u00f3.","breadcrumb":{"@id":"https:\/\/nexefundacio.org\/sobre-nexe\/reconeixements\/#breadcrumb"},"inLanguage":"es","potentialAction":[{"@type":"ReadAction","target":["https:\/\/nexefundacio.org\/sobre-nexe\/reconeixements\/"]}]},{"@type":"BreadcrumbList","@id":"https:\/\/nexefundacio.org\/sobre-nexe\/reconeixements\/#breadcrumb","itemListElement":[{"@type":"ListItem","position":1,"name":"Inici","item":"https:\/\/nexefundacio.org\/es\/"},{"@type":"ListItem","position":2,"name":"Fundaci\u00f3n","item":"https:\/\/nexefundacio.org\/es\/fundacion\/"},{"@type":"ListItem","position":3,"name":"Reconocimientos"}]},{"@type":"WebSite","@id":"https:\/\/nexefundacio.org\/#website","url":"https:\/\/nexefundacio.org\/","name":"Nexe Fundaci\u00f3","description":"Acompa\u00f1amos la infancia con pluridiscapacidad","publisher":{"@id":"https:\/\/nexefundacio.org\/#organization"},"potentialAction":[{"@type":"SearchAction","target":{"@type":"EntryPoint","urlTemplate":"https:\/\/nexefundacio.org\/?s={search_term_string}"},"query-input":{"@type":"PropertyValueSpecification","valueRequired":true,"valueName":"search_term_string"}}],"inLanguage":"es"},{"@type":"Organization","@id":"https:\/\/nexefundacio.org\/#organization","name":"Nexe Fundaci\u00f3","url":"https:\/\/nexefundacio.org\/","logo":{"@type":"ImageObject","inLanguage":"es","@id":"https:\/\/nexefundacio.org\/#\/schema\/logo\/image\/","url":"https:\/\/nexefundacio.org\/wp-content\/uploads\/2021\/05\/Nexe-Fundacio.png","contentUrl":"https:\/\/nexefundacio.org\/wp-content\/uploads\/2021\/05\/Nexe-Fundacio.png","width":300,"height":126,"caption":"Nexe Fundaci\u00f3"},"image":{"@id":"https:\/\/nexefundacio.org\/#\/schema\/logo\/image\/"},"sameAs":["https:\/\/www.facebook.com\/NexeFundacioPrivada\/","https:\/\/x.com\/nexefundacio","https:\/\/www.instagram.com\/nexefundacio\/","https:\/\/www.linkedin.com\/company\/nexe-fundacio\/","https:\/\/www.youtube.com\/user\/MoutePelsQuiets"]}]}},"_links":{"self":[{"href":"https:\/\/nexefundacio.org\/es\/wp-json\/wp\/v2\/pages\/547711","targetHints":{"allow":["GET"]}}],"collection":[{"href":"https:\/\/nexefundacio.org\/es\/wp-json\/wp\/v2\/pages"}],"about":[{"href":"https:\/\/nexefundacio.org\/es\/wp-json\/wp\/v2\/types\/page"}],"author":[{"embeddable":true,"href":"https:\/\/nexefundacio.org\/es\/wp-json\/wp\/v2\/users\/5"}],"replies":[{"embeddable":true,"href":"https:\/\/nexefundacio.org\/es\/wp-json\/wp\/v2\/comments?post=547711"}],"version-history":[{"count":5,"href":"https:\/\/nexefundacio.org\/es\/wp-json\/wp\/v2\/pages\/547711\/revisions"}],"predecessor-version":[{"id":550528,"href":"https:\/\/nexefundacio.org\/es\/wp-json\/wp\/v2\/pages\/547711\/revisions\/550528"}],"up":[{"embeddable":true,"href":"https:\/\/nexefundacio.org\/es\/wp-json\/wp\/v2\/pages\/547683"}],"wp:attachment":[{"href":"https:\/\/nexefundacio.org\/es\/wp-json\/wp\/v2\/media?parent=547711"}],"curies":[{"name":"wp","href":"https:\/\/api.w.org\/{rel}","templated":true}]}}