{"id":547667,"date":"2021-07-22T09:09:19","date_gmt":"2021-07-22T09:09:19","guid":{"rendered":"http:\/\/nexefundacio.org.mialias.net\/neonatos\/"},"modified":"2022-10-18T13:31:02","modified_gmt":"2022-10-18T13:31:02","slug":"neonatos","status":"publish","type":"page","link":"https:\/\/nexefundacio.org\/es\/servicios\/neonatos\/","title":{"rendered":"Neonatos"},"content":{"rendered":"\t\t<div data-elementor-type=\"wp-page\" data-elementor-id=\"547667\" class=\"elementor elementor-547667\" data-elementor-post-type=\"page\">\n\t\t\t\t\t\t<section class=\"elementor-section elementor-top-section elementor-element elementor-element-100c8fe3 elementor-section-full_width elementor-section-height-default elementor-section-height-default\" data-id=\"100c8fe3\" data-element_type=\"section\" data-e-type=\"section\">\n\t\t\t\t\t\t<div class=\"elementor-container elementor-column-gap-default\">\n\t\t\t\t\t<div class=\"elementor-column elementor-col-100 elementor-top-column elementor-element elementor-element-6c840789\" data-id=\"6c840789\" data-element_type=\"column\" data-e-type=\"column\">\n\t\t\t<div class=\"elementor-widget-wrap elementor-element-populated\">\n\t\t\t\t\t\t<div class=\"elementor-element elementor-element-1a26a602 elementor--h-position-center elementor--v-position-middle elementor-arrows-position-inside elementor-pagination-position-inside elementor-widget elementor-widget-slides\" data-id=\"1a26a602\" data-element_type=\"widget\" data-e-type=\"widget\" data-settings=\"{&quot;navigation&quot;:&quot;both&quot;,&quot;autoplay&quot;:&quot;yes&quot;,&quot;pause_on_hover&quot;:&quot;yes&quot;,&quot;pause_on_interaction&quot;:&quot;yes&quot;,&quot;autoplay_speed&quot;:5000,&quot;infinite&quot;:&quot;yes&quot;,&quot;transition&quot;:&quot;slide&quot;,&quot;transition_speed&quot;:500}\" data-widget_type=\"slides.default\">\n\t\t\t\t<div class=\"elementor-widget-container\">\n\t\t\t\t\t\t\t\t\t<div class=\"elementor-swiper\">\n\t\t\t\t\t<div class=\"elementor-slides-wrapper elementor-main-swiper swiper\" role=\"region\" aria-roledescription=\"carousel\" aria-label=\"Diapositivas\" dir=\"ltr\" data-animation=\"fadeInUp\">\n\t\t\t\t<div class=\"swiper-wrapper elementor-slides\">\n\t\t\t\t\t\t\t\t\t\t<div class=\"elementor-repeater-item-f454ca4 swiper-slide\" role=\"group\" aria-roledescription=\"slide\"><div class=\"swiper-slide-bg elementor-ken-burns elementor-ken-burns--in\" role=\"img\"><\/div><div class=\"elementor-background-overlay\"><\/div><div class=\"swiper-slide-inner\" ><div class=\"swiper-slide-contents\"><div class=\"elementor-slide-heading\">Neonatos<\/div><\/div><\/div><\/div>\t\t\t\t<\/div>\n\t\t\t\t\t\t\t<\/div>\n\t\t\t\t<\/div>\n\t\t\t\t\t\t\t\t<\/div>\n\t\t\t\t<\/div>\n\t\t\t\t\t<\/div>\n\t\t<\/div>\n\t\t\t\t\t<\/div>\n\t\t<\/section>\n\t\t\t\t<section class=\"elementor-section elementor-top-section elementor-element elementor-element-61d554c0 consell elementor-section-boxed elementor-section-height-default elementor-section-height-default\" data-id=\"61d554c0\" data-element_type=\"section\" data-e-type=\"section\" data-settings=\"{&quot;background_background&quot;:&quot;classic&quot;}\">\n\t\t\t\t\t\t<div class=\"elementor-container elementor-column-gap-default\">\n\t\t\t\t\t<div class=\"elementor-column elementor-col-100 elementor-top-column elementor-element elementor-element-6c86df7d\" data-id=\"6c86df7d\" data-element_type=\"column\" data-e-type=\"column\">\n\t\t\t<div class=\"elementor-widget-wrap elementor-element-populated\">\n\t\t\t\t\t\t<div class=\"elementor-element elementor-element-45f0c35 elementor-widget elementor-widget-heading\" data-id=\"45f0c35\" data-element_type=\"widget\" data-e-type=\"widget\" data-widget_type=\"heading.default\">\n\t\t\t\t<div class=\"elementor-widget-container\">\n\t\t\t\t\t<h2 class=\"elementor-heading-title elementor-size-default\">Atendemos a beb\u00e9s con riesgo de da\u00f1o neurol\u00f3gico<\/h2>\t\t\t\t<\/div>\n\t\t\t\t<\/div>\n\t\t\t\t<div class=\"elementor-element elementor-element-36c31cdc elementor-widget-divider--view-line elementor-widget elementor-widget-divider\" data-id=\"36c31cdc\" data-element_type=\"widget\" data-e-type=\"widget\" data-widget_type=\"divider.default\">\n\t\t\t\t<div class=\"elementor-widget-container\">\n\t\t\t\t\t\t\t<div class=\"elementor-divider\">\n\t\t\t<span class=\"elementor-divider-separator\">\n\t\t\t\t\t\t<\/span>\n\t\t<\/div>\n\t\t\t\t\t\t<\/div>\n\t\t\t\t<\/div>\n\t\t\t\t<div class=\"elementor-element elementor-element-6a16e996 elementor-widget elementor-widget-text-editor\" data-id=\"6a16e996\" data-element_type=\"widget\" data-e-type=\"widget\" data-widget_type=\"text-editor.default\">\n\t\t\t\t<div class=\"elementor-widget-container\">\n\t\t\t\t\t\t\t\t\t<p style=\"text-align: left;\">Teniendo en cuenta nuestra experiencia en el campo de la estimulaci\u00f3n precoz desde una visi\u00f3n global de las necesidades del ni\u00f1o y la familia, hemos establecido una colaboraci\u00f3n con el Instituto Cl\u00ednico de Ginecolog\u00eda, Obstetricia y Neonatolog\u00eda (ICGON), referente de salud reproductiva y neonatal en el \u00e1mbito espa\u00f1ol e internacional, con el objetivo de atender beb\u00e9s con riesgo de da\u00f1o neurol\u00f3gico, dentro de la unidad y a domicilio, as\u00ed como apoyar y formaci\u00f3n a sus profesionales sanitarios.<\/p>\n<p style=\"text-align: left;\">Ser\u00e1 la primera UCIN catalana con fisioterapia pedi\u00e1trica y el primer proyecto europeo que utilizar\u00e1 la metodolog\u00eda de musicoterapia desarrollada por la Dra. Lisa Standley y validada por la Florida State University. Se enmarca dentro de la filosof\u00eda de humanizaci\u00f3n de las curas, completando las praxis existentes y se dirige espec\u00edficamente a neonatos:<\/p>\n<ul style=\"text-align: left;\">\n<li style=\"text-align: left;\">Con riesgo de da\u00f1o neurol\u00f3gico por prematuridad<\/li>\n<li style=\"text-align: left;\">Nacidos a plazo, pero con un peso-talla inferior a la norma o con sufrimiento fetal<\/li>\n<li style=\"text-align: left;\">Nacidos pos-plazo<\/li>\n<li style=\"text-align: left;\">Con cualquiera otra patolog\u00eda que afecte su sistema nervioso central.<\/li>\n<\/ul>\n<div style=\"text-align: left;\"><\/div>\n<p style=\"text-align: left;\">Estos ni\u00f1os presentan necesidades sanitarias por prematuridad, como aprieto respiratorio y descompensaci\u00f3n de la funci\u00f3n cardiovascular. As\u00ed mismo, pueden presentar disfunciones en las funciones biol\u00f3gicas y psicol\u00f3gicas (tono muscular y capacidad sensorial), dificultades para llevar a cabo acciones primarias como succionar, llorar o responder a est\u00edmulos visuales y sonoros, la autoregulaci\u00f3n o se encuentran intubados<\/p>\n<p style=\"text-align: left;\">Un fisioterapeuta pedi\u00e1trico y una musicoterapeuta de Nexe Fundaci\u00f3 llevan a cabo actividades de intervenci\u00f3n directa desde la musicoterapia, la estimulaci\u00f3n precoz y la fisioterapia para mejorar el bienestar cognitivo, f\u00edsico y emocional de los beb\u00e9s. Tambi\u00e9n capacitamos sus familias, dentro de la unidad y a domicilio, apoder\u00e1ndolas en la crianza y manejo de sus hijos e hijas.<br \/>\nDe un total de 600 ni\u00f1@s que ingresan anualmente a la UCIN de la Maternidad-Cl\u00ednic, 60 ser\u00e1n candidatos a formar parte de este proyecto. Lo pusimos en marcha el junio de 2020, atendiendo un total de 21 ni\u00f1os y familias<\/p>\n\t\t\t\t\t\t\t\t<\/div>\n\t\t\t\t<\/div>\n\t\t\t\t\t<\/div>\n\t\t<\/div>\n\t\t\t\t\t<\/div>\n\t\t<\/section>\n\t\t\t\t<\/div>\n\t\t","protected":false},"excerpt":{"rendered":"<p>Neonatos Atendemos a beb\u00e9s con riesgo de da\u00f1o neurol\u00f3gico Teniendo en cuenta nuestra experiencia en el campo de la estimulaci\u00f3n precoz desde una visi\u00f3n global de las necesidades del ni\u00f1o y la familia, hemos establecido una colaboraci\u00f3n con el Instituto Cl\u00ednico de Ginecolog\u00eda, Obstetricia y Neonatolog\u00eda (ICGON), referente de salud reproductiva y neonatal en el [&hellip;]<\/p>\n","protected":false},"author":5,"featured_media":0,"parent":547715,"menu_order":6,"comment_status":"closed","ping_status":"closed","template":"","meta":{"footnotes":""},"class_list":["post-547667","page","type-page","status-publish","hentry"],"yoast_head":"<!-- This site is optimized with the Yoast SEO plugin v26.1.1 - https:\/\/yoast.com\/wordpress\/plugins\/seo\/ -->\n<title>Neonatos - Nexe Fundaci\u00f3<\/title>\n<meta name=\"robots\" content=\"index, follow, max-snippet:-1, max-image-preview:large, max-video-preview:-1\" \/>\n<link rel=\"canonical\" href=\"https:\/\/nexefundacio.org\/es\/servicios\/neonatos\/\" \/>\n<meta property=\"og:locale\" content=\"es_ES\" \/>\n<meta property=\"og:type\" content=\"article\" \/>\n<meta property=\"og:title\" content=\"Neonatos - Nexe Fundaci\u00f3\" \/>\n<meta property=\"og:description\" content=\"Neonatos Atendemos a beb\u00e9s con riesgo de da\u00f1o neurol\u00f3gico Teniendo en cuenta nuestra experiencia en el campo de la estimulaci\u00f3n precoz desde una visi\u00f3n global de las necesidades del ni\u00f1o y la familia, hemos establecido una colaboraci\u00f3n con el Instituto Cl\u00ednico de Ginecolog\u00eda, Obstetricia y Neonatolog\u00eda (ICGON), referente de salud reproductiva y neonatal en el [&hellip;]\" \/>\n<meta property=\"og:url\" content=\"https:\/\/nexefundacio.org\/es\/servicios\/neonatos\/\" \/>\n<meta property=\"og:site_name\" content=\"Nexe Fundaci\u00f3\" \/>\n<meta property=\"article:publisher\" content=\"https:\/\/www.facebook.com\/NexeFundacioPrivada\/\" \/>\n<meta property=\"article:modified_time\" content=\"2022-10-18T13:31:02+00:00\" \/>\n<meta name=\"twitter:card\" content=\"summary_large_image\" \/>\n<meta name=\"twitter:site\" content=\"@nexefundacio\" \/>\n<meta name=\"twitter:label1\" content=\"Tiempo de lectura\" \/>\n\t<meta name=\"twitter:data1\" content=\"2 minutos\" \/>\n<script type=\"application\/ld+json\" class=\"yoast-schema-graph\">{\"@context\":\"https:\/\/schema.org\",\"@graph\":[{\"@type\":\"WebPage\",\"@id\":\"https:\/\/nexefundacio.org\/es\/servicios\/neonatos\/\",\"url\":\"https:\/\/nexefundacio.org\/es\/servicios\/neonatos\/\",\"name\":\"Neonatos - Nexe Fundaci\u00f3\",\"isPartOf\":{\"@id\":\"https:\/\/nexefundacio.org\/#website\"},\"datePublished\":\"2021-07-22T09:09:19+00:00\",\"dateModified\":\"2022-10-18T13:31:02+00:00\",\"breadcrumb\":{\"@id\":\"https:\/\/nexefundacio.org\/es\/servicios\/neonatos\/#breadcrumb\"},\"inLanguage\":\"es\",\"potentialAction\":[{\"@type\":\"ReadAction\",\"target\":[\"https:\/\/nexefundacio.org\/es\/servicios\/neonatos\/\"]}]},{\"@type\":\"BreadcrumbList\",\"@id\":\"https:\/\/nexefundacio.org\/es\/servicios\/neonatos\/#breadcrumb\",\"itemListElement\":[{\"@type\":\"ListItem\",\"position\":1,\"name\":\"Inici\",\"item\":\"https:\/\/nexefundacio.org\/es\/\"},{\"@type\":\"ListItem\",\"position\":2,\"name\":\"Servicios\",\"item\":\"https:\/\/nexefundacio.org\/serveis\/\"},{\"@type\":\"ListItem\",\"position\":3,\"name\":\"Neonatos\"}]},{\"@type\":\"WebSite\",\"@id\":\"https:\/\/nexefundacio.org\/#website\",\"url\":\"https:\/\/nexefundacio.org\/\",\"name\":\"Nexe Fundaci\u00f3\",\"description\":\"Acompa\u00f1amos la infancia con pluridiscapacidad\",\"publisher\":{\"@id\":\"https:\/\/nexefundacio.org\/#organization\"},\"potentialAction\":[{\"@type\":\"SearchAction\",\"target\":{\"@type\":\"EntryPoint\",\"urlTemplate\":\"https:\/\/nexefundacio.org\/?s={search_term_string}\"},\"query-input\":{\"@type\":\"PropertyValueSpecification\",\"valueRequired\":true,\"valueName\":\"search_term_string\"}}],\"inLanguage\":\"es\"},{\"@type\":\"Organization\",\"@id\":\"https:\/\/nexefundacio.org\/#organization\",\"name\":\"Nexe Fundaci\u00f3\",\"url\":\"https:\/\/nexefundacio.org\/\",\"logo\":{\"@type\":\"ImageObject\",\"inLanguage\":\"es\",\"@id\":\"https:\/\/nexefundacio.org\/#\/schema\/logo\/image\/\",\"url\":\"https:\/\/nexefundacio.org\/wp-content\/uploads\/2021\/05\/Nexe-Fundacio.png\",\"contentUrl\":\"https:\/\/nexefundacio.org\/wp-content\/uploads\/2021\/05\/Nexe-Fundacio.png\",\"width\":300,\"height\":126,\"caption\":\"Nexe Fundaci\u00f3\"},\"image\":{\"@id\":\"https:\/\/nexefundacio.org\/#\/schema\/logo\/image\/\"},\"sameAs\":[\"https:\/\/www.facebook.com\/NexeFundacioPrivada\/\",\"https:\/\/x.com\/nexefundacio\",\"https:\/\/www.instagram.com\/nexefundacio\/\",\"https:\/\/www.linkedin.com\/company\/nexe-fundacio\/\",\"https:\/\/www.youtube.com\/user\/MoutePelsQuiets\"]}]}<\/script>\n<!-- \/ Yoast SEO plugin. -->","yoast_head_json":{"title":"Neonatos - Nexe Fundaci\u00f3","robots":{"index":"index","follow":"follow","max-snippet":"max-snippet:-1","max-image-preview":"max-image-preview:large","max-video-preview":"max-video-preview:-1"},"canonical":"https:\/\/nexefundacio.org\/es\/servicios\/neonatos\/","og_locale":"es_ES","og_type":"article","og_title":"Neonatos - Nexe Fundaci\u00f3","og_description":"Neonatos Atendemos a beb\u00e9s con riesgo de da\u00f1o neurol\u00f3gico Teniendo en cuenta nuestra experiencia en el campo de la estimulaci\u00f3n precoz desde una visi\u00f3n global de las necesidades del ni\u00f1o y la familia, hemos establecido una colaboraci\u00f3n con el Instituto Cl\u00ednico de Ginecolog\u00eda, Obstetricia y Neonatolog\u00eda (ICGON), referente de salud reproductiva y neonatal en el [&hellip;]","og_url":"https:\/\/nexefundacio.org\/es\/servicios\/neonatos\/","og_site_name":"Nexe Fundaci\u00f3","article_publisher":"https:\/\/www.facebook.com\/NexeFundacioPrivada\/","article_modified_time":"2022-10-18T13:31:02+00:00","twitter_card":"summary_large_image","twitter_site":"@nexefundacio","twitter_misc":{"Tiempo de lectura":"2 minutos"},"schema":{"@context":"https:\/\/schema.org","@graph":[{"@type":"WebPage","@id":"https:\/\/nexefundacio.org\/es\/servicios\/neonatos\/","url":"https:\/\/nexefundacio.org\/es\/servicios\/neonatos\/","name":"Neonatos - Nexe Fundaci\u00f3","isPartOf":{"@id":"https:\/\/nexefundacio.org\/#website"},"datePublished":"2021-07-22T09:09:19+00:00","dateModified":"2022-10-18T13:31:02+00:00","breadcrumb":{"@id":"https:\/\/nexefundacio.org\/es\/servicios\/neonatos\/#breadcrumb"},"inLanguage":"es","potentialAction":[{"@type":"ReadAction","target":["https:\/\/nexefundacio.org\/es\/servicios\/neonatos\/"]}]},{"@type":"BreadcrumbList","@id":"https:\/\/nexefundacio.org\/es\/servicios\/neonatos\/#breadcrumb","itemListElement":[{"@type":"ListItem","position":1,"name":"Inici","item":"https:\/\/nexefundacio.org\/es\/"},{"@type":"ListItem","position":2,"name":"Servicios","item":"https:\/\/nexefundacio.org\/serveis\/"},{"@type":"ListItem","position":3,"name":"Neonatos"}]},{"@type":"WebSite","@id":"https:\/\/nexefundacio.org\/#website","url":"https:\/\/nexefundacio.org\/","name":"Nexe Fundaci\u00f3","description":"Acompa\u00f1amos la infancia con pluridiscapacidad","publisher":{"@id":"https:\/\/nexefundacio.org\/#organization"},"potentialAction":[{"@type":"SearchAction","target":{"@type":"EntryPoint","urlTemplate":"https:\/\/nexefundacio.org\/?s={search_term_string}"},"query-input":{"@type":"PropertyValueSpecification","valueRequired":true,"valueName":"search_term_string"}}],"inLanguage":"es"},{"@type":"Organization","@id":"https:\/\/nexefundacio.org\/#organization","name":"Nexe Fundaci\u00f3","url":"https:\/\/nexefundacio.org\/","logo":{"@type":"ImageObject","inLanguage":"es","@id":"https:\/\/nexefundacio.org\/#\/schema\/logo\/image\/","url":"https:\/\/nexefundacio.org\/wp-content\/uploads\/2021\/05\/Nexe-Fundacio.png","contentUrl":"https:\/\/nexefundacio.org\/wp-content\/uploads\/2021\/05\/Nexe-Fundacio.png","width":300,"height":126,"caption":"Nexe Fundaci\u00f3"},"image":{"@id":"https:\/\/nexefundacio.org\/#\/schema\/logo\/image\/"},"sameAs":["https:\/\/www.facebook.com\/NexeFundacioPrivada\/","https:\/\/x.com\/nexefundacio","https:\/\/www.instagram.com\/nexefundacio\/","https:\/\/www.linkedin.com\/company\/nexe-fundacio\/","https:\/\/www.youtube.com\/user\/MoutePelsQuiets"]}]}},"_links":{"self":[{"href":"https:\/\/nexefundacio.org\/es\/wp-json\/wp\/v2\/pages\/547667","targetHints":{"allow":["GET"]}}],"collection":[{"href":"https:\/\/nexefundacio.org\/es\/wp-json\/wp\/v2\/pages"}],"about":[{"href":"https:\/\/nexefundacio.org\/es\/wp-json\/wp\/v2\/types\/page"}],"author":[{"embeddable":true,"href":"https:\/\/nexefundacio.org\/es\/wp-json\/wp\/v2\/users\/5"}],"replies":[{"embeddable":true,"href":"https:\/\/nexefundacio.org\/es\/wp-json\/wp\/v2\/comments?post=547667"}],"version-history":[{"count":5,"href":"https:\/\/nexefundacio.org\/es\/wp-json\/wp\/v2\/pages\/547667\/revisions"}],"predecessor-version":[{"id":550507,"href":"https:\/\/nexefundacio.org\/es\/wp-json\/wp\/v2\/pages\/547667\/revisions\/550507"}],"up":[{"embeddable":true,"href":"https:\/\/nexefundacio.org\/es\/wp-json\/wp\/v2\/pages\/547715"}],"wp:attachment":[{"href":"https:\/\/nexefundacio.org\/es\/wp-json\/wp\/v2\/media?parent=547667"}],"curies":[{"name":"wp","href":"https:\/\/api.w.org\/{rel}","templated":true}]}}